{"id":18954,"date":"2020-12-24T10:21:30","date_gmt":"2020-12-24T10:21:30","guid":{"rendered":"https:\/\/careers.edwardjones.com\/?page_id=18954"},"modified":"2024-03-04T09:34:46","modified_gmt":"2024-03-04T09:34:46","slug":"formation","status":"publish","type":"page","link":"https:\/\/edwardjones.cert.xcc.smashfly.io\/fr-CA\/domaines-de-carriere\/soutien-en-succursale\/formation\/","title":{"rendered":"Formation"},"content":{"rendered":"<\/div><\/div><\/div><!-- close content main div --><\/div><\/div><div id='av_section_1' class='avia-section main_color avia-section-no-padding avia-no-border-styling avia-bg-style-scroll  breadcrumb-section minht0 pb40 container_wrap fullsize'   ><div class='container' ><div class='template-page content  av-content-full alpha units'><div class='post-entry post-entry-type-page post-entry-18954'><div class='entry-content-wrapper clearfix'>\n<section class=\"av_textblock_section\"  itemscope=\"itemscope\" itemtype=\"https:\/\/schema.org\/CreativeWork\" ><div class='avia_textblock '   itemprop=\"text\" ><div class=\"breadcrumb breadcrumbs avia-breadcrumbs\"><div class=\"breadcrumb-trail\" ><a href=\"https:\/\/edwardjones.cert.xcc.smashfly.io\/fr-CA\/\" title=\"Edward Jones\" rel=\"home\" class=\"trail-begin\">Home<\/a><\/div><\/div>\n<\/div><\/section>\n\n<\/div><\/div><\/div><!-- close content main div --><\/div><\/div><div id='av_section_2' class='avia-section main_color avia-section-no-padding avia-no-border-styling avia-bg-style-scroll  left-text-right-image reverse-col small-image pb90 container_wrap fullsize'   ><div class='container' ><div class='template-page content  av-content-full alpha units'><div class='post-entry post-entry-type-page post-entry-18954'><div class='entry-content-wrapper clearfix'>\n<div class='flex_column_table av-equal-height-column-flextable' ><div class=\"flex_column av_one_half  no_margin flex_column_table_cell av-equal-height-column av-align-middle av-zero-column-padding first  l-text \" style='background-color:#f1f3f4; border-radius:0px; '><section class=\"av_textblock_section\"  itemscope=\"itemscope\" itemtype=\"https:\/\/schema.org\/CreativeWork\" ><div class='avia_textblock '   itemprop=\"text\" ><h1>Collaboration. Soutien. Et d\u00e9vouement envers vous.<\/h1>\n<p>En tant que nouvel administrateur de succursale, vous ferez partie de notre mod\u00e8le d\u2019affaires fond\u00e9 sur des \u00e9quipes de succursale ax\u00e9es sur le client. Vous jouerez un r\u00f4le essentiel dans la r\u00e9ussite de la succursale. Votre formation est donc essentielle pour nous.<\/p>\n<\/div><\/section><\/div><div class=\"flex_column av_one_half  no_margin flex_column_table_cell av-equal-height-column av-align-middle av-zero-column-padding   r-img \" style='border-radius:0px; '><div class='avia-image-container  av-styling-    avia-align-right '  itemscope=\"itemscope\" itemtype=\"https:\/\/schema.org\/ImageObject\"  ><div class='avia-image-container-inner'><img class='avia_image ' src='https:\/\/edwardjones.cert.xcc.smashfly.io\/wp-content\/uploads\/sites\/1392\/2020\/12\/image-15.jpg' alt='Un couple debout derri\u00e8re un bureau d\u2019accueil parle \u00e0 la pr\u00e9pos\u00e9e.' title=''   itemprop=\"contentURL\"  \/><\/div><\/div><\/div><\/div><!--close column table wrapper. Autoclose:  -->\n\n<\/div><\/div><\/div><!-- close content main div --><\/div><\/div><div id='av_section_3' class='avia-section main_color avia-section-no-padding avia-no-border-styling avia-bg-style-scroll  pb120 search-widget-vertical-container container_wrap fullsize'   ><div class='container' ><div class='template-page content  av-content-full alpha units'><div class='post-entry post-entry-type-page post-entry-18954'><div class='entry-content-wrapper clearfix'>\n<div class=\"flex_column av_three_fourth  flex_column_div av-zero-column-padding first  h2fs32 h3fs20 \" style='border-radius:0px; '><section class=\"av_textblock_section\"  itemscope=\"itemscope\" itemtype=\"https:\/\/schema.org\/CreativeWork\" ><div class='avia_textblock '   itemprop=\"text\" ><h2 class=\"pb20\">Le programme de formation d\u2019administrateur de succursale repose sur trois piliers :<\/h2>\n<ol class=\"pb20 m0\">\n<li class=\"mb20\">Nous vous attribuerons un formateur de l\u2019\u00e9quipe de succursale du si\u00e8ge social qui vous aidera, vous et votre repr\u00e9sentant en services financiers, dans le cadre de votre formation initiale.<\/li>\n<li class=\"mb20\">Nous vous attribuerons un mentor, soit un autre administrateur de succursale de votre r\u00e9gion, qui vous fera part de son exp\u00e9rience et vous aidera \u00e0 vous familiariser avec votre nouvelle carri\u00e8re, la soci\u00e9t\u00e9 et tout ce qui touche le poste d\u2019administrateur de succursale.<\/li>\n<li class=\"mb20\">Nous vous attribuerons des plans de formation, y compris des cours en ligne, des activit\u00e9s et des suivis des connaissances. Votre formation sera r\u00e9partie sur six mois.<\/li>\n<\/ol>\n<p>Au-del\u00e0 de votre formation officielle, vous pourrez compter sur la collaboration des autres administrateurs de succursale dans toute la r\u00e9gion : une plus grande \u00e9quipe qui travaille \u00e0 l\u2019\u00e9chelle des succursales pour assurer la r\u00e9ussite collective. Le soutien que vous obtiendrez de la part du si\u00e8ge social provient \u00e9galement des associ\u00e9s de chaque division et service, qui sont pr\u00eats \u00e0 vous aider et qu\u2019il suffit d\u2019appeler.<\/p>\n<\/div><\/section><\/div><div class=\"flex_column av_one_fourth  flex_column_div av-zero-column-padding   search-widget search-widget-vertical hidden-mobile \" style='background-color:#fde57f; border-radius:0px; '><div class='avia-builder-widget-area clearfix '><div id=\"widget_job_search_v2-7\" class=\"widget clearfix widget-jobsearch widget-jobsearch-v2\"><form method=\"GET\" id=\"cws_quickjobsearch\" role=\"search\" class=\"clearfix g-cols offset_medium\" action=\"\/fr-CA\/resultats-de-la-recherche-demploi\/\"><div class=\"quicksearch-title first avia-builder-el-first flex_column av_one_third\"><h2 class=\"widgettitle cws-widgetitle\">Test<\/h2><\/div><div class=\"quicksearch-field quicksearch-SearchText  flex_column av_one_third horizontal\"><div class=\"w-form-row\"><div class=\"w-form-row-label\"><label for=\"cws_quickjobsearch_keywords\">Keyword<\/label><\/div><div class=\"w-form-row-field\"><input type=\"text\" class=\"text_input keyword_suggest\" name=\"keyword\" id=\"cws_quickjobsearch_keywords\" data-autocomplete_limit=\"5\" data-param=\"SearchText\" aria-describedby=\"keyword-help\" value=\"\" \/><span id=\"keyword-help\" class=\"visually-hidden sr-only\" aria-live=\"polite\">Begin typing to find suggestions.<\/span><span class=\"w-form-row-field-bar\"><\/span><\/div><input type=\"hidden\" name=\"fuzzy\" id=\"cws_quickjobsearch_fuzzy\" data-param=\"fuzzy\" value=\"\" \/><\/div><\/div><div class=\"quicksearch-btn avia-builder-el-last flex_column av_one_third\"><input class=\"avia-button avia-color-theme-color avia-size-small quicksearch-submit\" type=\"submit\" value=\"Recherche d\u2019emplois\" \/><\/div><\/form><\/div><\/div><\/div>\n\n<\/div><\/div><\/div><!-- close content main div --><\/div><\/div><div id='av_section_4' class='avia-section main_color avia-section-no-padding avia-no-border-styling avia-bg-style-scroll  ejd-efa-category pt90 pb90 ejd-video-section container_wrap fullsize' style = 'background-color: #f1f3f4; background-color: #f1f3f4; '  ><div class='container' ><div class='template-page content  av-content-full alpha units'><div class='post-entry post-entry-type-page post-entry-18954'><div class='entry-content-wrapper clearfix'>\n<div class='flex_column_table av-equal-height-column-flextable' ><div class=\"flex_column av_two_fifth  flex_column_table_cell av-equal-height-column av-align-middle av-zero-column-padding first   \" style='border-radius:0px; '><section class=\"av_textblock_section\"  itemscope=\"itemscope\" itemtype=\"https:\/\/schema.org\/CreativeWork\" ><div class='avia_textblock '   itemprop=\"text\" ><h2>Nous vous accueillerons et nous vous apprendrons tout ce que vous devez savoir.<\/h2>\n<p>Visionnez cette courte vid\u00e9o pour en savoir plus sur les diff\u00e9rentes offres de formations et de perfectionnement destin\u00e9es aux administrateurs de succursale Edward Jones.<\/p>\n<p><a href=\"#transcript-popup\" id=\"view-transcript\">Lisez la transcription ou visionnez la vid\u00e9o en audio description.<\/a><\/p>\n<\/div><\/section><br \/>\n<section class=\"avia_codeblock_section avia_code_block_0\"  itemscope=\"itemscope\" itemtype=\"https:\/\/schema.org\/CreativeWork\" ><div class='avia_codeblock '  itemprop=\"text\" > [avia_codeblock_placeholder uid=\"0\"] <\/div><\/section><\/p><\/div><div class='av-flex-placeholder'><\/div><div class=\"flex_column av_three_fifth  flex_column_table_cell av-equal-height-column av-align-middle av-zero-column-padding   \" style='border-radius:0px; '><section class=\"av_textblock_section\"  itemscope=\"itemscope\" itemtype=\"https:\/\/schema.org\/CreativeWork\" ><div class='avia_textblock '   itemprop=\"text\" ><div style=\"padding: 56.25% 0 0 0; position: relative;\"><iframe style=\"position: absolute; top: 0; left: 0; width: 100%; height: 100%;\" title=\"National FA Video\" src=\"https:\/\/player.vimeo.com\/video\/442433965?color=ffc001&amp;title=0&amp;byline=0&amp;portrait=0\" frameborder=\"0\" allow=\"autoplay; fullscreen\" allowfullscreen=\"allowfullscreen\" data-mce-fragment=\"1\"><\/iframe><\/div>\n<p><script src=\"https:\/\/player.vimeo.com\/api\/player.js\"><\/script><\/p>\n<\/div><\/section><\/div><\/div><!--close column table wrapper. Autoclose:  --><\/div><\/div><\/div><!-- close content main div --><\/div><\/div><div id='av_section_5' class='avia-section main_color avia-section-no-padding avia-no-border-styling avia-bg-style-scroll  pb120 search-widget-vertical-container pt130 container_wrap fullsize'   ><div class='container' ><div class='template-page content  av-content-full alpha units'><div class='post-entry post-entry-type-page post-entry-18954'><div class='entry-content-wrapper clearfix'>\n<div class=\"flex_column av_three_fourth  flex_column_div av-zero-column-padding first  h2fs32 h3fs20 \" style='border-radius:0px; '><section class=\"av_textblock_section\"  itemscope=\"itemscope\" itemtype=\"https:\/\/schema.org\/CreativeWork\" ><div class='avia_textblock locations-list'   itemprop=\"text\" ><h2 class=\"pb20\">Postes de soutien en succursale<\/h2>\n<h3>Sp\u00e9cialiste de la relation client.<\/h3>\n<p>Souvent, c\u2019est l\u2019administrateur de succursale qui communique le plus personnellement avec le client. Le r\u00f4le de l\u2019administrateur de succursale, qui consiste \u00e0 renforcer la relation entre l\u2019\u00e9quipe et le client, exige de la souplesse, de la cr\u00e9ativit\u00e9 et de l\u2019autonomie, ainsi que ces comp\u00e9tences de base :<\/p>\n<ul class=\"pb20\">\n<li>Comp\u00e9tences exceptionnelles en service \u00e0 la client\u00e8le<\/li>\n<li>Pens\u00e9e critique<\/li>\n<li>Grand sens de l\u2019initiative<\/li>\n<li>Excellentes aptitudes de la communication \u00e9crite et orale<\/li>\n<li>Capacit\u00e9 de se renseigner sur le secteur des services financiers et de bien le comprendre<\/li>\n<\/ul>\n<p class=\"pb20\">Activit\u00e9s du bureau? Relations avec les clients? Expansion des affaires? L\u2019administrateur de succursale se concentre sur ces trois aspects.<\/p>\n<p><a href=\"\/fr-CA\/job-search-results\/?category=Branch%20Office%20Support&amp;location=Canada&amp;country=CA&amp;radius=25&amp;units=km\" class=\"edj-btn wid500\">Rechercher des postes de soutien en succursale<\/a><\/p>\n<h3 class=\"pt20\">Activit\u00e9s du bureau<\/h3>\n<p>Les activit\u00e9s quotidiennes du bureau comprennent la supervision de la prise des rendez-vous et de l\u2019\u00e9tablissement des horaires, ainsi que le traitement des d\u00e9p\u00f4ts et des op\u00e9rations. Ces activit\u00e9s sont id\u00e9ales pour une personne bien organis\u00e9e qui aime effectuer plusieurs t\u00e2ches \u00e0 la fois et travailler avec la technologie et les gens.<\/p>\n<h3>Relations avec les clients<\/h3>\n<p>Pour le repr\u00e9sentant en services financiers, la priorit\u00e9 est d\u2019\u00e9tablir des relations authentiques et individuelles avec nos clients\u00a0\u2013 et l\u2019administrateur de succursale est son partenaire cl\u00e9 pour ce faire. Les clients parlent g\u00e9n\u00e9ralement avec les administrateurs de succursale avant tout lorsqu\u2019ils nous appellent ou qu\u2019ils nous rendent visite. Ces administrateurs sont souvent les premiers \u00e0 entendre parler d\u2019\u00e9v\u00e9nements marquants, comme des mariages, des pertes familiales, des naissances, des nouveaux emplois et des r\u00e9gimes de retraite. Lorsque les clients ont des questions, le repr\u00e9sentant en services financiers s\u2019en remet \u00e0 l\u2019administrateur de succursale pour qu\u2019ils obtiennent une r\u00e9ponse en temps opportun. Accessible, aimable et confiant sont les qualit\u00e9s de l\u2019administrateur de succursale.<\/p>\n<h3>Expansion des affaires<\/h3>\n<p>La solidit\u00e9 d\u2019un programme de communications de marketing efficace repose sur celle de la personne qui le met en \u0153uvre au quotidien. Selon les processus \u00e9tablis par l\u2019\u00e9quipe de succursale, l\u2019administrateur de succursale met \u00e0 jour le dossier des clients potentiels et existants, met en place des programmes de publipostage, participe \u00e0 la planification des s\u00e9minaires et fait des appels t\u00e9l\u00e9phoniques de suivi pour fixer ou confirmer les rendez-vous. L\u2019administrateur de succursale aide \u00e9galement le repr\u00e9sentant en services financiers \u00e0 approfondir ses relations avec les clients existants en pr\u00e9parant des rapports pour les rendez-vous pr\u00e9vus et en fixant des activit\u00e9s de prise de contact syst\u00e9matiques.<\/p>\n<h3>Soutenir la r\u00e9gion et la soci\u00e9t\u00e9<\/h3>\n<p>Afin d\u2019am\u00e9liorer le rendement r\u00e9gional et de soutenir notre soci\u00e9t\u00e9 en croissance, nous avons mis en place un certain nombre de programmes de soutien r\u00e9gionaux pour tous les administrateurs de succursale. Les administrateurs de succursale chevronn\u00e9s consacrent souvent du temps \u00e0 des programmes comme le mentorat, la planification des r\u00e9unions d\u2019administrateurs de succursale, le recrutement r\u00e9gional ou la proposition de syst\u00e8mes de solutions. Ils participent m\u00eame aux visites occasionnelles des succursales, aux ateliers ou aux projets sp\u00e9ciaux.<\/p>\n<p>Certains administrateurs de succursale ont \u00e9galement la possibilit\u00e9 de jouer un r\u00f4le plus important dans leur r\u00e9gion si leur repr\u00e9sentant en services financiers occupe un poste de direction cl\u00e9. Ce r\u00f4le consiste g\u00e9n\u00e9ralement \u00e0 fixer des rendez-vous, \u00e0 communiquer avec d\u2019autres succursales et \u00e0 compiler des donn\u00e9es. De nombreuses succursales accueillent \u00e9galement un repr\u00e9sentant en services financiers stagiaire pendant plusieurs semaines, ce qui oblige l\u2019administrateur de succursale \u00e0 aider le nouveau repr\u00e9sentant \u00e0 se familiariser avec les syst\u00e8mes de traitement et la tenue des dossiers du bureau.<\/p>\n<\/div><\/section><\/div><div class=\"flex_column av_one_fourth  flex_column_div av-zero-column-padding   search-widget search-widget-vertical hidden-desktop visible-mobile \" style='background-color:#fde57f; border-radius:0px; '><\/div>\n<\/p>\n","protected":false},"excerpt":{"rendered":"","protected":false},"author":1415,"featured_media":0,"parent":19538,"menu_order":0,"comment_status":"closed","ping_status":"closed","template":"","meta":{"pgc_meta":"","footnotes":""},"persona":[],"class_list":["post-18954","page","type-page","status-publish","hentry"],"yoast_head":"<!-- This site is optimized with the Yoast SEO Premium plugin v22.8 (Yoast SEO v22.8) - https:\/\/yoast.com\/wordpress\/plugins\/seo\/ -->\n<title>Formation pour les soutien en succursale | Edward Jones<\/title>\n<meta name=\"description\" content=\"La formation \u00e0 l\u2019intention des administrateurs de succursale est exhaustive et ax\u00e9e sur la collaboration, et comprend un mentor dans votre r\u00e9gion et un soutien du si\u00e8ge social. Profitez de notre soutien in\u00e9gal\u00e9.\" \/>\n<meta name=\"robots\" content=\"noindex, follow, max-snippet:-1, max-image-preview:large, max-video-preview:-1\" \/>\n<meta property=\"og:locale\" content=\"fr_CA\" \/>\n<meta property=\"og:type\" content=\"article\" \/>\n<meta property=\"og:title\" content=\"Formation\" \/>\n<meta property=\"og:description\" content=\"La formation \u00e0 l\u2019intention des administrateurs de succursale est exhaustive et ax\u00e9e sur la collaboration, et comprend un mentor dans votre r\u00e9gion et un soutien du si\u00e8ge social. Profitez de notre soutien in\u00e9gal\u00e9.\" \/>\n<meta property=\"og:url\" content=\"https:\/\/edwardjones.cert.xcc.smashfly.io\/fr-CA\/domaines-de-carriere\/soutien-en-succursale\/formation\/\" \/>\n<meta property=\"og:site_name\" content=\"Edward Jones\" \/>\n<meta property=\"article:modified_time\" content=\"2024-03-04T09:34:46+00:00\" \/>\n<meta property=\"og:image\" content=\"https:\/\/edwardjones.cert.xcc.smashfly.io\/wp-content\/uploads\/sites\/1392\/2020\/10\/EdwardJonesCareers-logo-200x200px.jpg\" \/>\n\t<meta property=\"og:image:width\" content=\"200\" \/>\n\t<meta property=\"og:image:height\" content=\"200\" \/>\n\t<meta property=\"og:image:type\" content=\"image\/jpeg\" \/>\n<meta name=\"twitter:label1\" content=\"Estimation du temps de lecture\" \/>\n\t<meta name=\"twitter:data1\" content=\"12 minutes\" \/>\n<script type=\"application\/ld+json\" class=\"yoast-schema-graph\">{\"@context\":\"https:\/\/schema.org\",\"@graph\":[{\"@type\":\"WebPage\",\"@id\":\"https:\/\/edwardjones.cert.xcc.smashfly.io\/fr-CA\/domaines-de-carriere\/soutien-en-succursale\/formation\/\",\"url\":\"https:\/\/edwardjones.cert.xcc.smashfly.io\/fr-CA\/domaines-de-carriere\/soutien-en-succursale\/formation\/\",\"name\":\"Formation pour les soutien en succursale | Edward Jones\",\"isPartOf\":{\"@id\":\"https:\/\/edwardjones.cert.xcc.smashfly.io\/#website\"},\"datePublished\":\"2020-12-24T10:21:30+00:00\",\"dateModified\":\"2024-03-04T09:34:46+00:00\",\"description\":\"La formation \u00e0 l\u2019intention des administrateurs de succursale est exhaustive et ax\u00e9e sur la collaboration, et comprend un mentor dans votre r\u00e9gion et un soutien du si\u00e8ge social. Profitez de notre soutien in\u00e9gal\u00e9.\",\"breadcrumb\":{\"@id\":\"https:\/\/edwardjones.cert.xcc.smashfly.io\/fr-CA\/domaines-de-carriere\/soutien-en-succursale\/formation\/#breadcrumb\"},\"inLanguage\":\"fr-CA\",\"potentialAction\":[{\"@type\":\"ReadAction\",\"target\":[\"https:\/\/edwardjones.cert.xcc.smashfly.io\/fr-CA\/domaines-de-carriere\/soutien-en-succursale\/formation\/\"]}]},{\"@type\":\"BreadcrumbList\",\"@id\":\"https:\/\/edwardjones.cert.xcc.smashfly.io\/fr-CA\/domaines-de-carriere\/soutien-en-succursale\/formation\/#breadcrumb\",\"itemListElement\":[{\"@type\":\"ListItem\",\"position\":1,\"name\":\"Home\",\"item\":\"https:\/\/edwardjones.cert.xcc.smashfly.io\/fr-CA\/\"},{\"@type\":\"ListItem\",\"position\":2,\"name\":\"Domaines de carri\u00e8re\",\"item\":\"https:\/\/edwardjones.cert.xcc.smashfly.io\/fr-CA\/domaines-de-carriere\/\"},{\"@type\":\"ListItem\",\"position\":3,\"name\":\"Soutien en succursale\",\"item\":\"https:\/\/edwardjones.cert.xcc.smashfly.io\/fr-CA\/domaines-de-carriere\/soutien-en-succursale\/\"},{\"@type\":\"ListItem\",\"position\":4,\"name\":\"Formation\"}]},{\"@type\":\"WebSite\",\"@id\":\"https:\/\/edwardjones.cert.xcc.smashfly.io\/#website\",\"url\":\"https:\/\/edwardjones.cert.xcc.smashfly.io\/\",\"name\":\"Edward Jones\",\"description\":\"ibee Demo Site\",\"potentialAction\":[{\"@type\":\"SearchAction\",\"target\":{\"@type\":\"EntryPoint\",\"urlTemplate\":\"https:\/\/edwardjones.cert.xcc.smashfly.io\/?s={search_term_string}\"},\"query-input\":\"required name=search_term_string\"}],\"inLanguage\":\"fr-CA\"}]}<\/script>\n<!-- \/ Yoast SEO Premium plugin. -->","yoast_head_json":{"title":"Formation pour les soutien en succursale | Edward Jones","description":"La formation \u00e0 l\u2019intention des administrateurs de succursale est exhaustive et ax\u00e9e sur la collaboration, et comprend un mentor dans votre r\u00e9gion et un soutien du si\u00e8ge social. Profitez de notre soutien in\u00e9gal\u00e9.","robots":{"index":"noindex","follow":"follow","max-snippet":"max-snippet:-1","max-image-preview":"max-image-preview:large","max-video-preview":"max-video-preview:-1"},"og_locale":"fr_CA","og_type":"article","og_title":"Formation","og_description":"La formation \u00e0 l\u2019intention des administrateurs de succursale est exhaustive et ax\u00e9e sur la collaboration, et comprend un mentor dans votre r\u00e9gion et un soutien du si\u00e8ge social. Profitez de notre soutien in\u00e9gal\u00e9.","og_url":"https:\/\/edwardjones.cert.xcc.smashfly.io\/fr-CA\/domaines-de-carriere\/soutien-en-succursale\/formation\/","og_site_name":"Edward Jones","article_modified_time":"2024-03-04T09:34:46+00:00","og_image":[{"width":200,"height":200,"url":"https:\/\/edwardjones.cert.xcc.smashfly.io\/wp-content\/uploads\/sites\/1392\/2020\/10\/EdwardJonesCareers-logo-200x200px.jpg","type":"image\/jpeg"}],"twitter_misc":{"Estimation du temps de lecture":"12 minutes"},"schema":{"@context":"https:\/\/schema.org","@graph":[{"@type":"WebPage","@id":"https:\/\/edwardjones.cert.xcc.smashfly.io\/fr-CA\/domaines-de-carriere\/soutien-en-succursale\/formation\/","url":"https:\/\/edwardjones.cert.xcc.smashfly.io\/fr-CA\/domaines-de-carriere\/soutien-en-succursale\/formation\/","name":"Formation pour les soutien en succursale | Edward Jones","isPartOf":{"@id":"https:\/\/edwardjones.cert.xcc.smashfly.io\/#website"},"datePublished":"2020-12-24T10:21:30+00:00","dateModified":"2024-03-04T09:34:46+00:00","description":"La formation \u00e0 l\u2019intention des administrateurs de succursale est exhaustive et ax\u00e9e sur la collaboration, et comprend un mentor dans votre r\u00e9gion et un soutien du si\u00e8ge social. Profitez de notre soutien in\u00e9gal\u00e9.","breadcrumb":{"@id":"https:\/\/edwardjones.cert.xcc.smashfly.io\/fr-CA\/domaines-de-carriere\/soutien-en-succursale\/formation\/#breadcrumb"},"inLanguage":"fr-CA","potentialAction":[{"@type":"ReadAction","target":["https:\/\/edwardjones.cert.xcc.smashfly.io\/fr-CA\/domaines-de-carriere\/soutien-en-succursale\/formation\/"]}]},{"@type":"BreadcrumbList","@id":"https:\/\/edwardjones.cert.xcc.smashfly.io\/fr-CA\/domaines-de-carriere\/soutien-en-succursale\/formation\/#breadcrumb","itemListElement":[{"@type":"ListItem","position":1,"name":"Home","item":"https:\/\/edwardjones.cert.xcc.smashfly.io\/fr-CA\/"},{"@type":"ListItem","position":2,"name":"Domaines de carri\u00e8re","item":"https:\/\/edwardjones.cert.xcc.smashfly.io\/fr-CA\/domaines-de-carriere\/"},{"@type":"ListItem","position":3,"name":"Soutien en succursale","item":"https:\/\/edwardjones.cert.xcc.smashfly.io\/fr-CA\/domaines-de-carriere\/soutien-en-succursale\/"},{"@type":"ListItem","position":4,"name":"Formation"}]},{"@type":"WebSite","@id":"https:\/\/edwardjones.cert.xcc.smashfly.io\/#website","url":"https:\/\/edwardjones.cert.xcc.smashfly.io\/","name":"Edward Jones","description":"ibee Demo Site","potentialAction":[{"@type":"SearchAction","target":{"@type":"EntryPoint","urlTemplate":"https:\/\/edwardjones.cert.xcc.smashfly.io\/?s={search_term_string}"},"query-input":"required name=search_term_string"}],"inLanguage":"fr-CA"}]}},"pgc_meta":"","_links":{"self":[{"href":"https:\/\/edwardjones.cert.xcc.smashfly.io\/fr-CA\/wp-json\/wp\/v2\/pages\/18954","targetHints":{"allow":["GET"]}}],"collection":[{"href":"https:\/\/edwardjones.cert.xcc.smashfly.io\/fr-CA\/wp-json\/wp\/v2\/pages"}],"about":[{"href":"https:\/\/edwardjones.cert.xcc.smashfly.io\/fr-CA\/wp-json\/wp\/v2\/types\/page"}],"author":[{"embeddable":true,"href":"https:\/\/edwardjones.cert.xcc.smashfly.io\/fr-CA\/wp-json\/wp\/v2\/users\/1415"}],"replies":[{"embeddable":true,"href":"https:\/\/edwardjones.cert.xcc.smashfly.io\/fr-CA\/wp-json\/wp\/v2\/comments?post=18954"}],"version-history":[{"count":2,"href":"https:\/\/edwardjones.cert.xcc.smashfly.io\/fr-CA\/wp-json\/wp\/v2\/pages\/18954\/revisions"}],"predecessor-version":[{"id":30410,"href":"https:\/\/edwardjones.cert.xcc.smashfly.io\/fr-CA\/wp-json\/wp\/v2\/pages\/18954\/revisions\/30410"}],"up":[{"embeddable":true,"href":"https:\/\/edwardjones.cert.xcc.smashfly.io\/fr-CA\/wp-json\/wp\/v2\/pages\/19538"}],"wp:attachment":[{"href":"https:\/\/edwardjones.cert.xcc.smashfly.io\/fr-CA\/wp-json\/wp\/v2\/media?parent=18954"}],"wp:term":[{"taxonomy":"persona","embeddable":true,"href":"https:\/\/edwardjones.cert.xcc.smashfly.io\/fr-CA\/wp-json\/wp\/v2\/persona?post=18954"}],"curies":[{"name":"wp","href":"https:\/\/api.w.org\/{rel}","templated":true}]}}