{"id":18968,"date":"2020-12-24T11:16:48","date_gmt":"2020-12-24T11:16:48","guid":{"rendered":"https:\/\/careers.edwardjones.com\/?page_id=18968"},"modified":"2021-02-16T19:33:07","modified_gmt":"2021-02-16T19:33:07","slug":"notre-processus-dembauche","status":"publish","type":"page","link":"https:\/\/edwardjones.cert.xcc.smashfly.io\/fr-CA\/domaines-de-carriere\/soutien-en-succursale\/notre-processus-dembauche\/","title":{"rendered":"Notre processus d\u2019embauche"},"content":{"rendered":"<\/div><\/div><\/div><!-- close content main div --><\/div><\/div><div id='av_section_1' class='avia-section main_color avia-section-no-padding avia-no-border-styling avia-bg-style-scroll  breadcrumb-section minht0 pb40 container_wrap fullsize'   ><div class='container' ><div class='template-page content  av-content-full alpha units'><div class='post-entry post-entry-type-page post-entry-18968'><div class='entry-content-wrapper clearfix'>\n<section class=\"av_textblock_section\"  itemscope=\"itemscope\" itemtype=\"https:\/\/schema.org\/CreativeWork\" ><div class='avia_textblock '   itemprop=\"text\" ><div class=\"breadcrumb breadcrumbs avia-breadcrumbs\"><div class=\"breadcrumb-trail\" ><a href=\"https:\/\/edwardjones.cert.xcc.smashfly.io\/fr-CA\/\" title=\"Edward Jones\" rel=\"home\" class=\"trail-begin\">Home<\/a><\/div><\/div>\n<\/div><\/section>\n\n<\/div><\/div><\/div><!-- close content main div --><\/div><\/div><div id='av_section_2' class='avia-section main_color avia-section-no-padding avia-no-border-styling avia-bg-style-scroll  left-text-right-image reverse-col two-col-wideimg equal-wid image-l50 one-third-text fs-22banner container_wrap fullsize'   ><div class='container' ><div class='template-page content  av-content-full alpha units'><div class='post-entry post-entry-type-page post-entry-18968'><div class='entry-content-wrapper clearfix'>\n<div class='flex_column_table av-equal-height-column-flextable' ><div class=\"flex_column av_one_half  no_margin flex_column_table_cell av-equal-height-column av-align-middle av-zero-column-padding first  l-text \" style='background-color:#f1f3f4; border-radius:0px; '><section class=\"av_textblock_section\"  itemscope=\"itemscope\" itemtype=\"https:\/\/schema.org\/CreativeWork\" ><div class='avia_textblock '   itemprop=\"text\" ><h1>Pr\u00eat \u00e0 poser votre candidature? Suivez ces \u00e9tapes simples.<\/h1>\n<\/div><\/section><\/div><div class=\"flex_column av_one_half  no_margin flex_column_table_cell av-equal-height-column av-align-middle av-zero-column-padding   r-img \" style='border-radius:0px; '><div class='avia-image-container  av-styling-    avia-align-right '  itemscope=\"itemscope\" itemtype=\"https:\/\/schema.org\/ImageObject\"  ><div class='avia-image-container-inner'><img class='avia_image ' src='https:\/\/edwardjones.cert.xcc.smashfly.io\/wp-content\/uploads\/sites\/1392\/2020\/12\/iStock-531741465-1.jpg' alt='Un homme d\u2019affaires qui serre la main d\u2019un coll\u00e8gue dans une salle de conf\u00e9rence.' title=''   itemprop=\"contentURL\"  \/><\/div><\/div><\/div><\/div><!--close column table wrapper. Autoclose:  -->\n\n<\/div><\/div><\/div><!-- close content main div --><\/div><\/div><div id='av_section_3' class='avia-section main_color avia-section-no-padding avia-no-border-styling avia-bg-style-scroll  pt90 pb100 search-widget-vertical-container container_wrap fullsize'   ><div class='container' ><div class='template-page content  av-content-full alpha units'><div class='post-entry post-entry-type-page post-entry-18968'><div class='entry-content-wrapper clearfix'>\n<div class=\"flex_column av_three_fourth  flex_column_div av-zero-column-padding first   \" style='border-radius:0px; '><section class=\"av_textblock_section\"  itemscope=\"itemscope\" itemtype=\"https:\/\/schema.org\/CreativeWork\" ><div class='avia_textblock '   itemprop=\"text\" ><h2>Notre processus d\u2019embauche<\/h2>\n<\/div><\/section><br \/>\n<section class=\"av_textblock_section\"  itemscope=\"itemscope\" itemtype=\"https:\/\/schema.org\/CreativeWork\" ><div class='avia_textblock our-hiring-process-steps-textblock'   itemprop=\"text\" ><div class=\"our-hiring-process-steps pt30 pb30\">\n<div class=\"left-text\">\n<p class=\"pfs28 pcaps m0\">\u00c9tape 1<\/p>\n<h3>Soumettre votre curriculum vitae<\/h3>\n<p>Une fois que vous avez trouv\u00e9 un poste int\u00e9ressant, cr\u00e9ez un profil de candidat et soumettez votre curriculum vitae en ligne.<\/p>\n<\/div>\n<div class=\"right-img\"><img decoding=\"async\" src=\"https:\/\/cdn-static.findly.com\/wp-content\/uploads\/sites\/1392\/2020\/10\/edjones-metaphor-images_0004_istock-618830382.jpg\" alt=\"\" \/><\/div>\n<\/div>\n<div class=\"our-hiring-process-steps pt50 pb30\">\n<div class=\"left-text\">\n<p class=\"pfs28 pcaps m0\">\u00c9tape 2<\/p>\n<h3>Confirmation de r\u00e9ception de votre curriculum vitae<\/h3>\n<p>Vous recevrez un courriel de confirmation lorsque nous recevrons votre curriculum vitae (remarque : si vous avez un bloqueur de pourriels, veuillez vous assurer que vous pouvez recevoir des courriels de <a href=\"mailto:donotreply@trm.brassring.com\">donotreply@trm.brassring.com<\/a>).<\/p>\n<\/div>\n<div class=\"right-img\"><img decoding=\"async\" src=\"https:\/\/cdn-static.findly.com\/wp-content\/uploads\/sites\/1392\/2020\/10\/edjones-metaphor-images_0005_shutterstock_367328567.jpg\" alt=\"\" \/><\/div>\n<\/div>\n<div class=\"our-hiring-process-steps pt50 pb30\">\n<div class=\"left-text\">\n<p class=\"pfs28 pcaps m0\">\u00c9tape 3<\/p>\n<h3>\u00c9valuation du recruteur<\/h3>\n<p>Un recruteur \u00e9valuera vos qualifications et invitera les candidats les plus qualifi\u00e9s \u00e0 participer \u00e0 notre processus de s\u00e9lection.<\/p>\n<\/div>\n<div class=\"right-img\"><img decoding=\"async\" src=\"https:\/\/cdn-static.findly.com\/wp-content\/uploads\/sites\/1392\/2020\/10\/edjones-metaphor-images_0002_iStock-172485805.jpg\" alt=\"\" \/><\/div>\n<\/div>\n<div class=\"our-hiring-process-steps pt50 pb30\">\n<div class=\"left-text\">\n<p class=\"pfs28 pcaps m0\">\u00c9tape 4<\/p>\n<h3>Entrevue<\/h3>\n<p>Si vous \u00eates s\u00e9lectionn\u00e9 pour la prochaine \u00e9tape, vous participerez \u00e0 des entrevues sous divers formats, y compris une entrevue num\u00e9rique, une conversation t\u00e9l\u00e9phonique de suivi et une entrevue en personne ou virtuelle avec le responsable de l\u2019embauche.<\/p>\n<\/div>\n<div class=\"right-img\"><img decoding=\"async\" src=\"https:\/\/cdn-static.findly.com\/wp-content\/uploads\/sites\/1392\/2020\/10\/edjones-metaphor-images_0003_shutterstock_421163095.jpg\" alt=\"\" \/><\/div>\n<\/div>\n<div class=\"our-hiring-process-steps pt50 pb30\">\n<div class=\"left-text\">\n<p class=\"pfs28 pcaps m0\">\u00c9tape 5<\/p>\n<h3>Participation \u00e0 l\u2019\u00e9valuation<\/h3>\n<p>Vous pourriez \u00e9galement \u00eatre invit\u00e9 \u00e0 participer \u00e0 une \u00e9valuation en ligne aux derni\u00e8res \u00e9tapes du processus.<\/p>\n<\/div>\n<div class=\"right-img\"><img decoding=\"async\" src=\"https:\/\/cdn-static.findly.com\/wp-content\/uploads\/sites\/1392\/2020\/10\/edjones-metaphor-images_0003_iStock-1173896966.jpg\" alt=\"\" \/><\/div>\n<\/div>\n<div class=\"our-hiring-process-steps pt50 pb30\">\n<div class=\"left-text\">\n<p class=\"pfs28 pcaps m0\">\u00c9tape 6<\/p>\n<h3>Derni\u00e8res \u00e9tapes de l\u2019\u00e9valuation et pr\u00e9sentation de l\u2019offre<\/h3>\n<p>Notre responsable de l\u2019embauche et le recruteur finalisent le processus d\u2019\u00e9valuation et d\u00e9terminent le candidat qui recevra une offre d\u2019emploi.<\/p>\n<\/div>\n<div class=\"right-img\"><img decoding=\"async\" src=\"https:\/\/cdn-static.findly.com\/wp-content\/uploads\/sites\/1392\/2020\/10\/edjones-metaphor-images_0000_iStock-1224265287.jpg\" alt=\"\" \/><\/div>\n<\/div>\n<div class=\"our-hiring-process-steps pt50 pb30\">\n<div class=\"left-text\">\n<p class=\"pfs28 pcaps m0\">\u00c9tape 7<\/p>\n<h3>V\u00e9rifications pr\u00e9alables \u00e0 l\u2019embauche<\/h3>\n<p>L\u2019embauche d\u2019un candidat est conditionnelle \u00e0 certaines v\u00e9rifications pr\u00e9alables, notamment des ant\u00e9c\u00e9dents.<\/p>\n<\/div>\n<div class=\"right-img\"><img decoding=\"async\" src=\"https:\/\/cdn-static.findly.com\/wp-content\/uploads\/sites\/1392\/2020\/10\/edjones-metaphor-images_0000_shutterstock_310847528.jpg\" alt=\"\" \/><\/div>\n<\/div>\n<div role=\"\u201dcomplementary\u201d\" class=\"pb20 pt50\">\n<p><em><span style=\"font-weight: 400;\"><span>La dur\u00e9e du processus de recrutement varie en fonction de divers facteurs comme le salaire, l\u2019emplacement g\u00e9ographique et le type de poste.<\/span><\/span><\/em><\/p>\n<p><em>Rechercher nos <a class=\"edj-link pb20\" href=\"\/fr-CA\/resultats-de-la-recherche-demploi\/?category=Branch%20Office%20Support&amp;location=Canada&amp;country=CA&amp;radius=25&amp;units=km\">offres d\u2019emploi actuelles<\/a> et postuler \u00e0 un poste de soutien en succursale \u00e0 Edward Jones.<\/em><\/p>\n<\/div>\n<\/div><\/section><br \/>\n<section class=\"av_textblock_section\"  itemscope=\"itemscope\" itemtype=\"https:\/\/schema.org\/CreativeWork\" ><div class='avia_textblock h2fs20 h2pb0 pt50'   itemprop=\"text\" ><h3 class=\"pb10\">Conseils pour une entrevue r\u00e9ussie<\/h3>\n<p>Le processus d\u2019entrevue est une occasion de nous conna\u00eetre. Nous vous offrons donc ces conseils pour vous y pr\u00e9parer en cons\u00e9quence.<\/p>\n<p class=\"m0\">Nous mettons l\u2019accent sur les comp\u00e9tences et les aptitudes li\u00e9es \u00e0 votre exp\u00e9rience ant\u00e9rieure pour nous aider \u00e0 comprendre votre fa\u00e7on d\u2019approcher diverses situations professionnelles et d\u2019en tirer des le\u00e7ons.<\/p>\n<ol class=\"pb20\">\n<li>Renseignez-vous sur l\u2019emplacement, la circulation, le stationnement et arrivez de 10 \u00e0 15 minutes \u00e0 l\u2019avance.<\/li>\n<li>La tenue de ville est de mise chez Edward Jones. Veuillez donc vous pr\u00e9senter \u00e0 votre entrevue en portant une tenue professionnelle et appropri\u00e9e.<br \/>\n<strong class=\"pb20\">Pr\u00e9parez-vous!<\/strong><\/p>\n<ol class=\"list-alpha\" type=\"a\">\n<li>Apportez plusieurs exemplaires de votre curriculum vitae qui doit \u00eatre \u00e0 jour et d\u00e9taill\u00e9.<\/li>\n<li>Attendez-vous \u00e0 ce que le repr\u00e9sentant en services financiers vous pose des questions de mise en situation; c\u2019est le moment de souligner vos r\u00e9alisations en d\u00e9crivant une situation particuli\u00e8re, vos actions et le r\u00e9sultat global.<\/li>\n<li>Pr\u00e9parez des questions pour le repr\u00e9sentant en services financiers; vous pouvez consulter le site Web d\u2019Edward Jones pour obtenir de l\u2019information sur la succursale, l\u2019entreprise et le poste. Adressez-vous \u00e0 votre \u00e9quipe de recrutement pour les questions concernant la r\u00e9mun\u00e9ration et les avantages sociaux.<\/li>\n<\/ol>\n<\/li>\n<li>Faites une bonne premi\u00e8re impression : l\u2019entrevue commence \u00e0 votre arriv\u00e9e au bureau.<\/li>\n<\/ol>\n<p class=\"m0\">Vous voulez laisser une impression durable? Pensez \u00e0 envoyer une lettre de remerciement manuscrite ou un courriel de remerciement dans les 24 heures suivant l\u2019entrevue.<\/p>\n<\/div><\/section><\/p><\/div><div class=\"flex_column av_one_fourth  flex_column_div av-zero-column-padding   search-widget search-widget-vertical \" style='background-color:#fde57f; border-radius:0px; '><div class='avia-builder-widget-area clearfix '><div id=\"widget_job_search_v2-7\" class=\"widget clearfix widget-jobsearch widget-jobsearch-v2\"><form method=\"GET\" id=\"cws_quickjobsearch\" role=\"search\" class=\"clearfix g-cols offset_medium\" action=\"\/fr-CA\/resultats-de-la-recherche-demploi\/\"><div class=\"quicksearch-title first avia-builder-el-first flex_column av_one_third\"><h2 class=\"widgettitle cws-widgetitle\">Test<\/h2><\/div><div class=\"quicksearch-field quicksearch-SearchText  flex_column av_one_third horizontal\"><div class=\"w-form-row\"><div class=\"w-form-row-label\"><label for=\"cws_quickjobsearch_keywords\">Keyword<\/label><\/div><div class=\"w-form-row-field\"><input type=\"text\" class=\"text_input keyword_suggest\" name=\"keyword\" id=\"cws_quickjobsearch_keywords\" data-autocomplete_limit=\"5\" data-param=\"SearchText\" aria-describedby=\"keyword-help\" value=\"\" \/><span id=\"keyword-help\" class=\"visually-hidden sr-only\" aria-live=\"polite\">Begin typing to find suggestions.<\/span><span class=\"w-form-row-field-bar\"><\/span><\/div><input type=\"hidden\" name=\"fuzzy\" id=\"cws_quickjobsearch_fuzzy\" data-param=\"fuzzy\" value=\"\" \/><\/div><\/div><div class=\"quicksearch-btn avia-builder-el-last flex_column av_one_third\"><input class=\"avia-button avia-color-theme-color avia-size-small quicksearch-submit\" type=\"submit\" value=\"Recherche d\u2019emplois\" \/><\/div><\/form><\/div><\/div><\/div>\n","protected":false},"excerpt":{"rendered":"","protected":false},"author":1415,"featured_media":0,"parent":19538,"menu_order":0,"comment_status":"closed","ping_status":"closed","template":"","meta":{"pgc_meta":"","footnotes":""},"persona":[],"class_list":["post-18968","page","type-page","status-publish","hentry"],"yoast_head":"<!-- This site is optimized with the Yoast SEO Premium plugin v22.8 (Yoast SEO v22.8) - https:\/\/yoast.com\/wordpress\/plugins\/seo\/ -->\n<title>Postuler pour un emploi d\u2019administrateur de succursale est simple | Edward Jones<\/title>\n<meta name=\"description\" content=\"Le r\u00f4le d\u2019administrateur de succursale exige de la souplesse, de la cr\u00e9ativit\u00e9 et la capacit\u00e9 de travailler de mani\u00e8re autonome. Pour en savoir plus sur le poste et notre processus d\u2019embauche.\" \/>\n<meta name=\"robots\" content=\"noindex, follow, max-snippet:-1, max-image-preview:large, max-video-preview:-1\" \/>\n<meta property=\"og:locale\" content=\"fr_CA\" \/>\n<meta property=\"og:type\" content=\"article\" \/>\n<meta property=\"og:title\" content=\"Notre processus d\u2019embauche\" \/>\n<meta property=\"og:description\" content=\"Le r\u00f4le d\u2019administrateur de succursale exige de la souplesse, de la cr\u00e9ativit\u00e9 et la capacit\u00e9 de travailler de mani\u00e8re autonome. Pour en savoir plus sur le poste et notre processus d\u2019embauche.\" \/>\n<meta property=\"og:url\" content=\"https:\/\/edwardjones.cert.xcc.smashfly.io\/fr-CA\/domaines-de-carriere\/soutien-en-succursale\/notre-processus-dembauche\/\" \/>\n<meta property=\"og:site_name\" content=\"Edward Jones\" \/>\n<meta property=\"article:modified_time\" content=\"2021-02-16T19:33:07+00:00\" \/>\n<meta property=\"og:image\" content=\"https:\/\/cdn-static.findly.com\/wp-content\/uploads\/sites\/1392\/2020\/10\/edjones-metaphor-images_0004_istock-618830382.jpg\" \/>\n<meta name=\"twitter:label1\" content=\"Estimation du temps de lecture\" \/>\n\t<meta name=\"twitter:data1\" content=\"6 minutes\" \/>\n<script type=\"application\/ld+json\" class=\"yoast-schema-graph\">{\"@context\":\"https:\/\/schema.org\",\"@graph\":[{\"@type\":\"WebPage\",\"@id\":\"https:\/\/edwardjones.cert.xcc.smashfly.io\/fr-CA\/domaines-de-carriere\/soutien-en-succursale\/notre-processus-dembauche\/\",\"url\":\"https:\/\/edwardjones.cert.xcc.smashfly.io\/fr-CA\/domaines-de-carriere\/soutien-en-succursale\/notre-processus-dembauche\/\",\"name\":\"Postuler pour un emploi d\u2019administrateur de succursale est simple | Edward Jones\",\"isPartOf\":{\"@id\":\"https:\/\/edwardjones.cert.xcc.smashfly.io\/#website\"},\"primaryImageOfPage\":{\"@id\":\"https:\/\/edwardjones.cert.xcc.smashfly.io\/fr-CA\/domaines-de-carriere\/soutien-en-succursale\/notre-processus-dembauche\/#primaryimage\"},\"image\":{\"@id\":\"https:\/\/edwardjones.cert.xcc.smashfly.io\/fr-CA\/domaines-de-carriere\/soutien-en-succursale\/notre-processus-dembauche\/#primaryimage\"},\"thumbnailUrl\":\"https:\/\/cdn-static.findly.com\/wp-content\/uploads\/sites\/1392\/2020\/10\/edjones-metaphor-images_0004_istock-618830382.jpg\",\"datePublished\":\"2020-12-24T11:16:48+00:00\",\"dateModified\":\"2021-02-16T19:33:07+00:00\",\"description\":\"Le r\u00f4le d\u2019administrateur de succursale exige de la souplesse, de la cr\u00e9ativit\u00e9 et la capacit\u00e9 de travailler de mani\u00e8re autonome. Pour en savoir plus sur le poste et notre processus d\u2019embauche.\",\"breadcrumb\":{\"@id\":\"https:\/\/edwardjones.cert.xcc.smashfly.io\/fr-CA\/domaines-de-carriere\/soutien-en-succursale\/notre-processus-dembauche\/#breadcrumb\"},\"inLanguage\":\"fr-CA\",\"potentialAction\":[{\"@type\":\"ReadAction\",\"target\":[\"https:\/\/edwardjones.cert.xcc.smashfly.io\/fr-CA\/domaines-de-carriere\/soutien-en-succursale\/notre-processus-dembauche\/\"]}]},{\"@type\":\"ImageObject\",\"inLanguage\":\"fr-CA\",\"@id\":\"https:\/\/edwardjones.cert.xcc.smashfly.io\/fr-CA\/domaines-de-carriere\/soutien-en-succursale\/notre-processus-dembauche\/#primaryimage\",\"url\":\"https:\/\/cdn-static.findly.com\/wp-content\/uploads\/sites\/1392\/2020\/10\/edjones-metaphor-images_0004_istock-618830382.jpg\",\"contentUrl\":\"https:\/\/cdn-static.findly.com\/wp-content\/uploads\/sites\/1392\/2020\/10\/edjones-metaphor-images_0004_istock-618830382.jpg\"},{\"@type\":\"BreadcrumbList\",\"@id\":\"https:\/\/edwardjones.cert.xcc.smashfly.io\/fr-CA\/domaines-de-carriere\/soutien-en-succursale\/notre-processus-dembauche\/#breadcrumb\",\"itemListElement\":[{\"@type\":\"ListItem\",\"position\":1,\"name\":\"Home\",\"item\":\"https:\/\/edwardjones.cert.xcc.smashfly.io\/fr-CA\/\"},{\"@type\":\"ListItem\",\"position\":2,\"name\":\"Domaines de carri\u00e8re\",\"item\":\"https:\/\/edwardjones.cert.xcc.smashfly.io\/fr-CA\/domaines-de-carriere\/\"},{\"@type\":\"ListItem\",\"position\":3,\"name\":\"Soutien en succursale\",\"item\":\"https:\/\/edwardjones.cert.xcc.smashfly.io\/fr-CA\/domaines-de-carriere\/soutien-en-succursale\/\"},{\"@type\":\"ListItem\",\"position\":4,\"name\":\"Notre processus d\u2019embauche\"}]},{\"@type\":\"WebSite\",\"@id\":\"https:\/\/edwardjones.cert.xcc.smashfly.io\/#website\",\"url\":\"https:\/\/edwardjones.cert.xcc.smashfly.io\/\",\"name\":\"Edward Jones\",\"description\":\"ibee Demo Site\",\"potentialAction\":[{\"@type\":\"SearchAction\",\"target\":{\"@type\":\"EntryPoint\",\"urlTemplate\":\"https:\/\/edwardjones.cert.xcc.smashfly.io\/?s={search_term_string}\"},\"query-input\":\"required name=search_term_string\"}],\"inLanguage\":\"fr-CA\"}]}<\/script>\n<!-- \/ Yoast SEO Premium plugin. -->","yoast_head_json":{"title":"Postuler pour un emploi d\u2019administrateur de succursale est simple | Edward Jones","description":"Le r\u00f4le d\u2019administrateur de succursale exige de la souplesse, de la cr\u00e9ativit\u00e9 et la capacit\u00e9 de travailler de mani\u00e8re autonome. Pour en savoir plus sur le poste et notre processus d\u2019embauche.","robots":{"index":"noindex","follow":"follow","max-snippet":"max-snippet:-1","max-image-preview":"max-image-preview:large","max-video-preview":"max-video-preview:-1"},"og_locale":"fr_CA","og_type":"article","og_title":"Notre processus d\u2019embauche","og_description":"Le r\u00f4le d\u2019administrateur de succursale exige de la souplesse, de la cr\u00e9ativit\u00e9 et la capacit\u00e9 de travailler de mani\u00e8re autonome. Pour en savoir plus sur le poste et notre processus d\u2019embauche.","og_url":"https:\/\/edwardjones.cert.xcc.smashfly.io\/fr-CA\/domaines-de-carriere\/soutien-en-succursale\/notre-processus-dembauche\/","og_site_name":"Edward Jones","article_modified_time":"2021-02-16T19:33:07+00:00","og_image":[{"url":"https:\/\/cdn-static.findly.com\/wp-content\/uploads\/sites\/1392\/2020\/10\/edjones-metaphor-images_0004_istock-618830382.jpg"}],"twitter_misc":{"Estimation du temps de lecture":"6 minutes"},"schema":{"@context":"https:\/\/schema.org","@graph":[{"@type":"WebPage","@id":"https:\/\/edwardjones.cert.xcc.smashfly.io\/fr-CA\/domaines-de-carriere\/soutien-en-succursale\/notre-processus-dembauche\/","url":"https:\/\/edwardjones.cert.xcc.smashfly.io\/fr-CA\/domaines-de-carriere\/soutien-en-succursale\/notre-processus-dembauche\/","name":"Postuler pour un emploi d\u2019administrateur de succursale est simple | Edward Jones","isPartOf":{"@id":"https:\/\/edwardjones.cert.xcc.smashfly.io\/#website"},"primaryImageOfPage":{"@id":"https:\/\/edwardjones.cert.xcc.smashfly.io\/fr-CA\/domaines-de-carriere\/soutien-en-succursale\/notre-processus-dembauche\/#primaryimage"},"image":{"@id":"https:\/\/edwardjones.cert.xcc.smashfly.io\/fr-CA\/domaines-de-carriere\/soutien-en-succursale\/notre-processus-dembauche\/#primaryimage"},"thumbnailUrl":"https:\/\/cdn-static.findly.com\/wp-content\/uploads\/sites\/1392\/2020\/10\/edjones-metaphor-images_0004_istock-618830382.jpg","datePublished":"2020-12-24T11:16:48+00:00","dateModified":"2021-02-16T19:33:07+00:00","description":"Le r\u00f4le d\u2019administrateur de succursale exige de la souplesse, de la cr\u00e9ativit\u00e9 et la capacit\u00e9 de travailler de mani\u00e8re autonome. Pour en savoir plus sur le poste et notre processus d\u2019embauche.","breadcrumb":{"@id":"https:\/\/edwardjones.cert.xcc.smashfly.io\/fr-CA\/domaines-de-carriere\/soutien-en-succursale\/notre-processus-dembauche\/#breadcrumb"},"inLanguage":"fr-CA","potentialAction":[{"@type":"ReadAction","target":["https:\/\/edwardjones.cert.xcc.smashfly.io\/fr-CA\/domaines-de-carriere\/soutien-en-succursale\/notre-processus-dembauche\/"]}]},{"@type":"ImageObject","inLanguage":"fr-CA","@id":"https:\/\/edwardjones.cert.xcc.smashfly.io\/fr-CA\/domaines-de-carriere\/soutien-en-succursale\/notre-processus-dembauche\/#primaryimage","url":"https:\/\/cdn-static.findly.com\/wp-content\/uploads\/sites\/1392\/2020\/10\/edjones-metaphor-images_0004_istock-618830382.jpg","contentUrl":"https:\/\/cdn-static.findly.com\/wp-content\/uploads\/sites\/1392\/2020\/10\/edjones-metaphor-images_0004_istock-618830382.jpg"},{"@type":"BreadcrumbList","@id":"https:\/\/edwardjones.cert.xcc.smashfly.io\/fr-CA\/domaines-de-carriere\/soutien-en-succursale\/notre-processus-dembauche\/#breadcrumb","itemListElement":[{"@type":"ListItem","position":1,"name":"Home","item":"https:\/\/edwardjones.cert.xcc.smashfly.io\/fr-CA\/"},{"@type":"ListItem","position":2,"name":"Domaines de carri\u00e8re","item":"https:\/\/edwardjones.cert.xcc.smashfly.io\/fr-CA\/domaines-de-carriere\/"},{"@type":"ListItem","position":3,"name":"Soutien en succursale","item":"https:\/\/edwardjones.cert.xcc.smashfly.io\/fr-CA\/domaines-de-carriere\/soutien-en-succursale\/"},{"@type":"ListItem","position":4,"name":"Notre processus d\u2019embauche"}]},{"@type":"WebSite","@id":"https:\/\/edwardjones.cert.xcc.smashfly.io\/#website","url":"https:\/\/edwardjones.cert.xcc.smashfly.io\/","name":"Edward Jones","description":"ibee Demo Site","potentialAction":[{"@type":"SearchAction","target":{"@type":"EntryPoint","urlTemplate":"https:\/\/edwardjones.cert.xcc.smashfly.io\/?s={search_term_string}"},"query-input":"required name=search_term_string"}],"inLanguage":"fr-CA"}]}},"pgc_meta":"","_links":{"self":[{"href":"https:\/\/edwardjones.cert.xcc.smashfly.io\/fr-CA\/wp-json\/wp\/v2\/pages\/18968","targetHints":{"allow":["GET"]}}],"collection":[{"href":"https:\/\/edwardjones.cert.xcc.smashfly.io\/fr-CA\/wp-json\/wp\/v2\/pages"}],"about":[{"href":"https:\/\/edwardjones.cert.xcc.smashfly.io\/fr-CA\/wp-json\/wp\/v2\/types\/page"}],"author":[{"embeddable":true,"href":"https:\/\/edwardjones.cert.xcc.smashfly.io\/fr-CA\/wp-json\/wp\/v2\/users\/1415"}],"replies":[{"embeddable":true,"href":"https:\/\/edwardjones.cert.xcc.smashfly.io\/fr-CA\/wp-json\/wp\/v2\/comments?post=18968"}],"version-history":[{"count":0,"href":"https:\/\/edwardjones.cert.xcc.smashfly.io\/fr-CA\/wp-json\/wp\/v2\/pages\/18968\/revisions"}],"up":[{"embeddable":true,"href":"https:\/\/edwardjones.cert.xcc.smashfly.io\/fr-CA\/wp-json\/wp\/v2\/pages\/19538"}],"wp:attachment":[{"href":"https:\/\/edwardjones.cert.xcc.smashfly.io\/fr-CA\/wp-json\/wp\/v2\/media?parent=18968"}],"wp:term":[{"taxonomy":"persona","embeddable":true,"href":"https:\/\/edwardjones.cert.xcc.smashfly.io\/fr-CA\/wp-json\/wp\/v2\/persona?post=18968"}],"curies":[{"name":"wp","href":"https:\/\/api.w.org\/{rel}","templated":true}]}}