{"id":19123,"date":"2020-12-27T19:59:18","date_gmt":"2020-12-27T19:59:18","guid":{"rendered":"https:\/\/careers.edwardjones.com\/?page_id=19123"},"modified":"2021-02-02T20:00:42","modified_gmt":"2021-02-02T20:00:42","slug":"soutien-et-perfectionnement","status":"publish","type":"page","link":"https:\/\/edwardjones.cert.xcc.smashfly.io\/fr-CA\/domaines-de-carriere\/sieges-sociaux\/soutien-et-perfectionnement\/","title":{"rendered":"Soutien et perfectionnement"},"content":{"rendered":"<\/div><\/div><\/div><!-- close content main div --><\/div><\/div><div id='av_section_1' class='avia-section main_color avia-section-no-padding avia-no-border-styling avia-bg-style-scroll  breadcrumb-section minht0 pb40 container_wrap fullsize'   ><div class='container' ><div class='template-page content  av-content-full alpha units'><div class='post-entry post-entry-type-page post-entry-19123'><div class='entry-content-wrapper clearfix'>\n<section class=\"av_textblock_section\"  itemscope=\"itemscope\" itemtype=\"https:\/\/schema.org\/CreativeWork\" ><div class='avia_textblock '   itemprop=\"text\" ><div class=\"breadcrumb breadcrumbs avia-breadcrumbs\"><div class=\"breadcrumb-trail\" ><a href=\"https:\/\/edwardjones.cert.xcc.smashfly.io\/fr-CA\/\" title=\"Edward Jones\" rel=\"home\" class=\"trail-begin\">Home<\/a><\/div><\/div>\n<\/div><\/section>\n\n<\/div><\/div><\/div><!-- close content main div --><\/div><\/div><div id='av_section_2' class='avia-section main_color avia-section-no-padding avia-no-border-styling avia-bg-style-scroll  left-text-right-image reverse-col small-image pb130 container_wrap fullsize'   ><div class='container' ><div class='template-page content  av-content-full alpha units'><div class='post-entry post-entry-type-page post-entry-19123'><div class='entry-content-wrapper clearfix'>\n<div class='flex_column_table av-equal-height-column-flextable' ><div class=\"flex_column av_one_half  no_margin flex_column_table_cell av-equal-height-column av-align-middle av-zero-column-padding first  l-text \" style='background-color:#f1f3f4; border-radius:0px; '><section class=\"av_textblock_section\"  itemscope=\"itemscope\" itemtype=\"https:\/\/schema.org\/CreativeWork\" ><div class='avia_textblock '   itemprop=\"text\" ><h1>Formation pour vous aider \u00e0 r\u00e9ussir, \u00e0 vous surpasser et \u00e0 diriger.<\/h1>\n<p>C\u2019est votre destin. Il vous appartient. Gr\u00e2ce \u00e0 une formation personnalis\u00e9e, nous vous aiderons \u00e0 le concr\u00e9tiser. Les comp\u00e9tences et l\u2019exp\u00e9rience que vous apportez nous sont pr\u00e9cieuses et nous trouverons des occasions de vous faire participer \u00e0 des projets o\u00f9 vous pourrez perfectionner ces comp\u00e9tences et en acqu\u00e9rir de nouvelles.<\/p>\n<\/div><\/section><\/div><div class=\"flex_column av_one_half  no_margin flex_column_table_cell av-equal-height-column av-align-middle av-zero-column-padding   r-img \" style='border-radius:0px; '><div class='avia-image-container  av-styling-    avia-align-right '  itemscope=\"itemscope\" itemtype=\"https:\/\/schema.org\/ImageObject\"  ><div class='avia-image-container-inner'><img class='avia_image ' src='https:\/\/edwardjones.cert.xcc.smashfly.io\/wp-content\/uploads\/sites\/1392\/2020\/12\/image-16.jpg' alt='Une conf\u00e9renci\u00e8re debout, devant un groupe professionnel en r\u00e9union.' title=''   itemprop=\"contentURL\"  \/><\/div><\/div><\/div><\/div><!--close column table wrapper. Autoclose:  -->\n\n<\/div><\/div><\/div><!-- close content main div --><\/div><\/div><div id='av_section_3' class='avia-section main_color avia-section-no-padding avia-no-border-styling avia-bg-style-scroll  pb130 search-widget-vertical-container container_wrap fullsize'   ><div class='container' ><div class='template-page content  av-content-full alpha units'><div class='post-entry post-entry-type-page post-entry-19123'><div class='entry-content-wrapper clearfix'>\n<div class=\"flex_column av_three_fourth  flex_column_div av-zero-column-padding first   \" style='border-radius:0px; '><section class=\"av_textblock_section\"  itemscope=\"itemscope\" itemtype=\"https:\/\/schema.org\/CreativeWork\" ><div class='avia_textblock h2fs20 h2pb0'   itemprop=\"text\" ><p>Ce qui commence par une formation et un mentorat officiels peut rapidement \u00e9voluer vers le jumelage d\u2019emploi, l\u2019apprentissage entre diff\u00e9rents services et les occasions de direction \u00e0 l\u2019\u00e9chelle des divisions, des services et des r\u00f4les en profitant de votre cr\u00e9ativit\u00e9 et en vous aidant \u00e0 d\u00e9couvrir la mani\u00e8re dont vous pouvez contribuer au plus haut niveau, devenir un leader et b\u00e2tir la carri\u00e8re de vos r\u00eaves.<\/p>\n<h2>Formation officielle<\/h2>\n<p>Nos programmes de formation structur\u00e9s sont adapt\u00e9s \u00e0 vos besoins individuels. Nous encouragerons et soutiendrons votre d\u00e9veloppement professionnel tout au long de votre carri\u00e8re. En fonction de vos int\u00e9r\u00eats et de vos besoins en mati\u00e8re de perfectionnement, vous pourrez r\u00e9aliser des formations qui vous aideront \u00e0 mieux comprendre nos produits, \u00e0 am\u00e9liorer vos comp\u00e9tences en gestion ou \u00e0 accro\u00eetre vos capacit\u00e9s dans un certain nombre de domaines. Votre formation pourrait vous donner l\u2019occasion d\u2019en apprendre davantage sur un autre domaine de la soci\u00e9t\u00e9 en \u00e9tant jumel\u00e9 \u00e0 un coll\u00e8gue. La formation officielle se poursuit longtemps apr\u00e8s la fin des cours, au moyen de la mise en application en milieu de travail, de l\u2019\u00e9largissement des responsabilit\u00e9s, de l\u2019encadrement et de la r\u00e9troaction et du soutien au rendement.<\/p>\n<h2>Mentorat<\/h2>\n<p>Nous offrons \u00e0 tous les associ\u00e9s des si\u00e8ges sociaux des occasions de mentorat officiel dans le cadre de notre programme de mentorat d\u2019accueil. Le mentorat est un d\u00e9veloppement bidirectionnel. Pour les mentor\u00e9s, il s\u2019agit d\u2019une occasion d\u2019apprendre d\u2019une personne qui a une exp\u00e9rience qui diff\u00e8re de la v\u00f4tre. Les mentors sont en mesure de perfectionner et m\u00eame d\u2019approfondir leur compr\u00e9hension d\u2019un sujet pr\u00e9cis tout en encadrant leurs mentor\u00e9s. Dans les deux cas, il s\u2019agit d\u2019une occasion inestimable de voir les choses du point de vue de quelqu\u2019un d\u2019autre et de cro\u00eetre en parall\u00e8le \u00e0 son propre perfectionnement.<\/p>\n<h2>Formation continue<\/h2>\n<p>Le perfectionnement professionnel ne se limite pas \u00e0 la formation que nous offrons chez Edward Jones. De nombreux postes requi\u00e8rent ou encouragent l\u2019obtention de permis ou de titres professionnels pour approfondir l\u2019expertise (p. ex., CCVM, CMNC, PQAP, etc.). Nous offrons \u00e9galement le remboursement des frais de scolarit\u00e9 \u00e0 ceux qui travaillent en vue d\u2019obtenir un dipl\u00f4me de premier cycle ou d\u2019\u00e9tudes sup\u00e9rieures.<\/p>\n<\/div><\/section><\/div><div class=\"flex_column av_one_fourth  flex_column_div av-zero-column-padding   search-widget search-widget-vertical \" style='background-color:#fde57f; border-radius:0px; '><div class='avia-builder-widget-area clearfix '><div id=\"widget_job_search_v2-7\" class=\"widget clearfix widget-jobsearch widget-jobsearch-v2\"><form method=\"GET\" id=\"cws_quickjobsearch\" role=\"search\" class=\"clearfix g-cols offset_medium\" action=\"\/fr-CA\/resultats-de-la-recherche-demploi\/\"><div class=\"quicksearch-title first avia-builder-el-first flex_column av_one_third\"><h2 class=\"widgettitle cws-widgetitle\">Test<\/h2><\/div><div class=\"quicksearch-field quicksearch-SearchText  flex_column av_one_third horizontal\"><div class=\"w-form-row\"><div class=\"w-form-row-label\"><label for=\"cws_quickjobsearch_keywords\">Keyword<\/label><\/div><div class=\"w-form-row-field\"><input type=\"text\" class=\"text_input keyword_suggest\" name=\"keyword\" id=\"cws_quickjobsearch_keywords\" data-autocomplete_limit=\"5\" data-param=\"SearchText\" aria-describedby=\"keyword-help\" value=\"\" \/><span id=\"keyword-help\" class=\"visually-hidden sr-only\" aria-live=\"polite\">Begin typing to find suggestions.<\/span><span class=\"w-form-row-field-bar\"><\/span><\/div><input type=\"hidden\" name=\"fuzzy\" id=\"cws_quickjobsearch_fuzzy\" data-param=\"fuzzy\" value=\"\" \/><\/div><\/div><div class=\"quicksearch-btn avia-builder-el-last flex_column av_one_third\"><input class=\"avia-button avia-color-theme-color avia-size-small quicksearch-submit\" type=\"submit\" value=\"Recherche d\u2019emplois\" \/><\/div><\/form><\/div><\/div><\/div>\n","protected":false},"excerpt":{"rendered":"","protected":false},"author":423,"featured_media":0,"parent":19013,"menu_order":0,"comment_status":"closed","ping_status":"closed","template":"","meta":{"pgc_meta":"","footnotes":""},"persona":[],"class_list":["post-19123","page","type-page","status-publish","hentry"],"yoast_head":"<!-- This site is optimized with the Yoast SEO Premium plugin v22.8 (Yoast SEO v22.8) - https:\/\/yoast.com\/wordpress\/plugins\/seo\/ -->\n<title>Formation et perfectionnement personnalis\u00e9s pour les associ\u00e9s des si\u00e8ges sociaux | Edward Jones<\/title>\n<meta name=\"description\" content=\"Formation officielle et en cours d\u2019emploi pour nos professionnels des si\u00e8ges sociaux de Mississauga, en Ontario, et de Saint-Louis, au Missouri, ax\u00e9e sur l\u2019apprentissage multiservices et les occasions de leadership. Propulsez votre carri\u00e8re chez Edward Jones.\" \/>\n<meta name=\"robots\" content=\"noindex, follow, max-snippet:-1, max-image-preview:large, max-video-preview:-1\" \/>\n<meta property=\"og:locale\" content=\"fr_CA\" \/>\n<meta property=\"og:type\" content=\"article\" \/>\n<meta property=\"og:title\" content=\"Soutien et perfectionnement\" \/>\n<meta property=\"og:description\" content=\"Formation officielle et en cours d\u2019emploi pour nos professionnels des si\u00e8ges sociaux de Mississauga, en Ontario, et de Saint-Louis, au Missouri, ax\u00e9e sur l\u2019apprentissage multiservices et les occasions de leadership. Propulsez votre carri\u00e8re chez Edward Jones.\" \/>\n<meta property=\"og:url\" content=\"https:\/\/edwardjones.cert.xcc.smashfly.io\/fr-CA\/domaines-de-carriere\/sieges-sociaux\/soutien-et-perfectionnement\/\" \/>\n<meta property=\"og:site_name\" content=\"Edward Jones\" \/>\n<meta property=\"article:modified_time\" content=\"2021-02-02T20:00:42+00:00\" \/>\n<meta property=\"og:image\" content=\"https:\/\/edwardjones.cert.xcc.smashfly.io\/wp-content\/uploads\/sites\/1392\/2020\/10\/EdwardJonesCareers-logo-200x200px.jpg\" \/>\n\t<meta property=\"og:image:width\" content=\"200\" \/>\n\t<meta property=\"og:image:height\" content=\"200\" \/>\n\t<meta property=\"og:image:type\" content=\"image\/jpeg\" \/>\n<meta name=\"twitter:label1\" content=\"Estimation du temps de lecture\" \/>\n\t<meta name=\"twitter:data1\" content=\"5 minutes\" \/>\n<script type=\"application\/ld+json\" class=\"yoast-schema-graph\">{\"@context\":\"https:\/\/schema.org\",\"@graph\":[{\"@type\":\"WebPage\",\"@id\":\"https:\/\/edwardjones.cert.xcc.smashfly.io\/fr-CA\/domaines-de-carriere\/sieges-sociaux\/soutien-et-perfectionnement\/\",\"url\":\"https:\/\/edwardjones.cert.xcc.smashfly.io\/fr-CA\/domaines-de-carriere\/sieges-sociaux\/soutien-et-perfectionnement\/\",\"name\":\"Formation et perfectionnement personnalis\u00e9s pour les associ\u00e9s des si\u00e8ges sociaux | Edward Jones\",\"isPartOf\":{\"@id\":\"https:\/\/edwardjones.cert.xcc.smashfly.io\/#website\"},\"datePublished\":\"2020-12-27T19:59:18+00:00\",\"dateModified\":\"2021-02-02T20:00:42+00:00\",\"description\":\"Formation officielle et en cours d\u2019emploi pour nos professionnels des si\u00e8ges sociaux de Mississauga, en Ontario, et de Saint-Louis, au Missouri, ax\u00e9e sur l\u2019apprentissage multiservices et les occasions de leadership. Propulsez votre carri\u00e8re chez Edward Jones.\",\"breadcrumb\":{\"@id\":\"https:\/\/edwardjones.cert.xcc.smashfly.io\/fr-CA\/domaines-de-carriere\/sieges-sociaux\/soutien-et-perfectionnement\/#breadcrumb\"},\"inLanguage\":\"fr-CA\",\"potentialAction\":[{\"@type\":\"ReadAction\",\"target\":[\"https:\/\/edwardjones.cert.xcc.smashfly.io\/fr-CA\/domaines-de-carriere\/sieges-sociaux\/soutien-et-perfectionnement\/\"]}]},{\"@type\":\"BreadcrumbList\",\"@id\":\"https:\/\/edwardjones.cert.xcc.smashfly.io\/fr-CA\/domaines-de-carriere\/sieges-sociaux\/soutien-et-perfectionnement\/#breadcrumb\",\"itemListElement\":[{\"@type\":\"ListItem\",\"position\":1,\"name\":\"Home\",\"item\":\"https:\/\/edwardjones.cert.xcc.smashfly.io\/fr-CA\/\"},{\"@type\":\"ListItem\",\"position\":2,\"name\":\"Domaines de carri\u00e8re\",\"item\":\"https:\/\/edwardjones.cert.xcc.smashfly.io\/fr-CA\/domaines-de-carriere\/\"},{\"@type\":\"ListItem\",\"position\":3,\"name\":\"Si\u00e8ges sociaux\",\"item\":\"https:\/\/edwardjones.cert.xcc.smashfly.io\/fr-CA\/domaines-de-carriere\/sieges-sociaux\/\"},{\"@type\":\"ListItem\",\"position\":4,\"name\":\"Soutien et perfectionnement\"}]},{\"@type\":\"WebSite\",\"@id\":\"https:\/\/edwardjones.cert.xcc.smashfly.io\/#website\",\"url\":\"https:\/\/edwardjones.cert.xcc.smashfly.io\/\",\"name\":\"Edward Jones\",\"description\":\"ibee Demo Site\",\"potentialAction\":[{\"@type\":\"SearchAction\",\"target\":{\"@type\":\"EntryPoint\",\"urlTemplate\":\"https:\/\/edwardjones.cert.xcc.smashfly.io\/?s={search_term_string}\"},\"query-input\":\"required name=search_term_string\"}],\"inLanguage\":\"fr-CA\"}]}<\/script>\n<!-- \/ Yoast SEO Premium plugin. -->","yoast_head_json":{"title":"Formation et perfectionnement personnalis\u00e9s pour les associ\u00e9s des si\u00e8ges sociaux | Edward Jones","description":"Formation officielle et en cours d\u2019emploi pour nos professionnels des si\u00e8ges sociaux de Mississauga, en Ontario, et de Saint-Louis, au Missouri, ax\u00e9e sur l\u2019apprentissage multiservices et les occasions de leadership. Propulsez votre carri\u00e8re chez Edward Jones.","robots":{"index":"noindex","follow":"follow","max-snippet":"max-snippet:-1","max-image-preview":"max-image-preview:large","max-video-preview":"max-video-preview:-1"},"og_locale":"fr_CA","og_type":"article","og_title":"Soutien et perfectionnement","og_description":"Formation officielle et en cours d\u2019emploi pour nos professionnels des si\u00e8ges sociaux de Mississauga, en Ontario, et de Saint-Louis, au Missouri, ax\u00e9e sur l\u2019apprentissage multiservices et les occasions de leadership. Propulsez votre carri\u00e8re chez Edward Jones.","og_url":"https:\/\/edwardjones.cert.xcc.smashfly.io\/fr-CA\/domaines-de-carriere\/sieges-sociaux\/soutien-et-perfectionnement\/","og_site_name":"Edward Jones","article_modified_time":"2021-02-02T20:00:42+00:00","og_image":[{"width":200,"height":200,"url":"https:\/\/edwardjones.cert.xcc.smashfly.io\/wp-content\/uploads\/sites\/1392\/2020\/10\/EdwardJonesCareers-logo-200x200px.jpg","type":"image\/jpeg"}],"twitter_misc":{"Estimation du temps de lecture":"5 minutes"},"schema":{"@context":"https:\/\/schema.org","@graph":[{"@type":"WebPage","@id":"https:\/\/edwardjones.cert.xcc.smashfly.io\/fr-CA\/domaines-de-carriere\/sieges-sociaux\/soutien-et-perfectionnement\/","url":"https:\/\/edwardjones.cert.xcc.smashfly.io\/fr-CA\/domaines-de-carriere\/sieges-sociaux\/soutien-et-perfectionnement\/","name":"Formation et perfectionnement personnalis\u00e9s pour les associ\u00e9s des si\u00e8ges sociaux | Edward Jones","isPartOf":{"@id":"https:\/\/edwardjones.cert.xcc.smashfly.io\/#website"},"datePublished":"2020-12-27T19:59:18+00:00","dateModified":"2021-02-02T20:00:42+00:00","description":"Formation officielle et en cours d\u2019emploi pour nos professionnels des si\u00e8ges sociaux de Mississauga, en Ontario, et de Saint-Louis, au Missouri, ax\u00e9e sur l\u2019apprentissage multiservices et les occasions de leadership. Propulsez votre carri\u00e8re chez Edward Jones.","breadcrumb":{"@id":"https:\/\/edwardjones.cert.xcc.smashfly.io\/fr-CA\/domaines-de-carriere\/sieges-sociaux\/soutien-et-perfectionnement\/#breadcrumb"},"inLanguage":"fr-CA","potentialAction":[{"@type":"ReadAction","target":["https:\/\/edwardjones.cert.xcc.smashfly.io\/fr-CA\/domaines-de-carriere\/sieges-sociaux\/soutien-et-perfectionnement\/"]}]},{"@type":"BreadcrumbList","@id":"https:\/\/edwardjones.cert.xcc.smashfly.io\/fr-CA\/domaines-de-carriere\/sieges-sociaux\/soutien-et-perfectionnement\/#breadcrumb","itemListElement":[{"@type":"ListItem","position":1,"name":"Home","item":"https:\/\/edwardjones.cert.xcc.smashfly.io\/fr-CA\/"},{"@type":"ListItem","position":2,"name":"Domaines de carri\u00e8re","item":"https:\/\/edwardjones.cert.xcc.smashfly.io\/fr-CA\/domaines-de-carriere\/"},{"@type":"ListItem","position":3,"name":"Si\u00e8ges sociaux","item":"https:\/\/edwardjones.cert.xcc.smashfly.io\/fr-CA\/domaines-de-carriere\/sieges-sociaux\/"},{"@type":"ListItem","position":4,"name":"Soutien et perfectionnement"}]},{"@type":"WebSite","@id":"https:\/\/edwardjones.cert.xcc.smashfly.io\/#website","url":"https:\/\/edwardjones.cert.xcc.smashfly.io\/","name":"Edward Jones","description":"ibee Demo Site","potentialAction":[{"@type":"SearchAction","target":{"@type":"EntryPoint","urlTemplate":"https:\/\/edwardjones.cert.xcc.smashfly.io\/?s={search_term_string}"},"query-input":"required name=search_term_string"}],"inLanguage":"fr-CA"}]}},"pgc_meta":"","_links":{"self":[{"href":"https:\/\/edwardjones.cert.xcc.smashfly.io\/fr-CA\/wp-json\/wp\/v2\/pages\/19123","targetHints":{"allow":["GET"]}}],"collection":[{"href":"https:\/\/edwardjones.cert.xcc.smashfly.io\/fr-CA\/wp-json\/wp\/v2\/pages"}],"about":[{"href":"https:\/\/edwardjones.cert.xcc.smashfly.io\/fr-CA\/wp-json\/wp\/v2\/types\/page"}],"author":[{"embeddable":true,"href":"https:\/\/edwardjones.cert.xcc.smashfly.io\/fr-CA\/wp-json\/wp\/v2\/users\/423"}],"replies":[{"embeddable":true,"href":"https:\/\/edwardjones.cert.xcc.smashfly.io\/fr-CA\/wp-json\/wp\/v2\/comments?post=19123"}],"version-history":[{"count":0,"href":"https:\/\/edwardjones.cert.xcc.smashfly.io\/fr-CA\/wp-json\/wp\/v2\/pages\/19123\/revisions"}],"up":[{"embeddable":true,"href":"https:\/\/edwardjones.cert.xcc.smashfly.io\/fr-CA\/wp-json\/wp\/v2\/pages\/19013"}],"wp:attachment":[{"href":"https:\/\/edwardjones.cert.xcc.smashfly.io\/fr-CA\/wp-json\/wp\/v2\/media?parent=19123"}],"wp:term":[{"taxonomy":"persona","embeddable":true,"href":"https:\/\/edwardjones.cert.xcc.smashfly.io\/fr-CA\/wp-json\/wp\/v2\/persona?post=19123"}],"curies":[{"name":"wp","href":"https:\/\/api.w.org\/{rel}","templated":true}]}}