{"id":19162,"date":"2020-12-28T14:17:10","date_gmt":"2020-12-28T14:17:10","guid":{"rendered":"https:\/\/careers.edwardjones.com\/?page_id=19162"},"modified":"2021-02-05T01:59:45","modified_gmt":"2021-02-05T01:59:45","slug":"permis-et-soutien","status":"publish","type":"page","link":"https:\/\/edwardjones.cert.xcc.smashfly.io\/fr-CA\/domaines-de-carriere\/nouveaux-representants-en-services-financiers\/permis-et-soutien\/","title":{"rendered":"Permis et soutien"},"content":{"rendered":"<\/div><\/div><\/div><!-- close content main div --><\/div><\/div><div id='av_section_1' class='avia-section main_color avia-section-no-padding avia-no-border-styling avia-bg-style-scroll  breadcrumb-section minht0 pb40 container_wrap fullsize'   ><div class='container' ><div class='template-page content  av-content-full alpha units'><div class='post-entry post-entry-type-page post-entry-19162'><div class='entry-content-wrapper clearfix'>\n<section class=\"av_textblock_section\"  itemscope=\"itemscope\" itemtype=\"https:\/\/schema.org\/CreativeWork\" ><div class='avia_textblock '   itemprop=\"text\" ><div class=\"breadcrumb breadcrumbs avia-breadcrumbs\"><div class=\"breadcrumb-trail\" ><a href=\"https:\/\/edwardjones.cert.xcc.smashfly.io\/fr-CA\/\" title=\"Edward Jones\" rel=\"home\" class=\"trail-begin\">Home<\/a><\/div><\/div>\n<\/div><\/section>\n\n<\/div><\/div><\/div><!-- close content main div --><\/div><\/div><div id='av_section_2' class='avia-section main_color avia-section-no-padding avia-no-border-styling avia-bg-style-scroll  left-text-right-image reverse-col small-image pb130 container_wrap fullsize'   ><div class='container' ><div class='template-page content  av-content-full alpha units'><div class='post-entry post-entry-type-page post-entry-19162'><div class='entry-content-wrapper clearfix'>\n<div class='flex_column_table av-equal-height-column-flextable' ><div class=\"flex_column av_one_half  no_margin flex_column_table_cell av-equal-height-column av-align-middle av-zero-column-padding first  l-text \" style='background-color:#f1f3f4; border-radius:0px; '><section class=\"av_textblock_section\"  itemscope=\"itemscope\" itemtype=\"https:\/\/schema.org\/CreativeWork\" ><div class='avia_textblock '   itemprop=\"text\" ><h1>Vous constaterez notre engagement envers votre r\u00e9ussite \u2013 m\u00eame avant que vous d\u00e9crochiez le poste.<\/h1>\n<\/div><\/section><\/div><div class=\"flex_column av_one_half  no_margin flex_column_table_cell av-equal-height-column av-align-middle av-zero-column-padding   r-img \" style='border-radius:0px; '><div class='avia-image-container  av-styling-    avia-align-right '  itemscope=\"itemscope\" itemtype=\"https:\/\/schema.org\/ImageObject\"  ><div class='avia-image-container-inner'><img class='avia_image ' src='https:\/\/edwardjones.cert.xcc.smashfly.io\/wp-content\/uploads\/sites\/1392\/2021\/01\/photo-9.jpg' alt='Une femme travaille de chez elle, sur la table de la salle \u00e0 manger.' title=''   itemprop=\"contentURL\"  \/><\/div><\/div><\/div><\/div><!--close column table wrapper. Autoclose:  -->\n\n<\/div><\/div><\/div><!-- close content main div --><\/div><\/div><div id='av_section_3' class='avia-section main_color avia-section-no-padding avia-no-border-styling avia-bg-style-scroll  pb130 search-widget-vertical-container container_wrap fullsize'   ><div class='container' ><div class='template-page content  av-content-full alpha units'><div class='post-entry post-entry-type-page post-entry-19162'><div class='entry-content-wrapper clearfix'>\n<div class=\"flex_column av_three_fourth  flex_column_div av-zero-column-padding first   \" style='border-radius:0px; '><p><section class=\"av_textblock_section\"  itemscope=\"itemscope\" itemtype=\"https:\/\/schema.org\/CreativeWork\" ><div class='avia_textblock pb30 h2fs32'   itemprop=\"text\" ><p>\u00catre un repr\u00e9sentant en services financiers d\u2019Edward Jones, c\u2019est choisir une carri\u00e8re enrichissante o\u00f9 vous pourrez faire une diff\u00e9rence dans la vie des autres et, surtout, dans la v\u00f4tre. Cet emploi offre de l\u2019autonomie et un potentiel illimit\u00e9. Toutefois, il s\u2019agit d\u2019un emploi complexe qui exige des qualit\u00e9s sp\u00e9cifiques de la personne qui sera appel\u00e9e \u00e0 accomplir les t\u00e2ches qui y sont associ\u00e9es.<\/p>\n<p class=\"pb10\">Notre processus de demande d\u2019emploi et d\u2019entrevue est exhaustif. Pourtant, lorsque le candidat convient, il ne s\u2019agit que du d\u00e9but de notre engagement envers sa r\u00e9ussite.<\/p>\n<h2 class=\"pb10\">Vous avez \u00e9t\u00e9 embauch\u00e9 : et maintenant?<\/h2>\n<p>F\u00e9licitations! Il y a de quoi \u00eatre fier d\u2019obtenir un poste de repr\u00e9sentant en services financiers d\u2019Edward Jones. Vous n\u2019auriez pas pu vous rendre aussi loin si la r\u00e9ussite n\u2019avait pas \u00e9t\u00e9 \u00e0 port\u00e9e de main.<\/p>\n<p>Tout au long du processus d\u2019entrevue, nous vous avons parl\u00e9 de notre formation de calibre mondial, de notre soutien exceptionnel et de nos occasions de perfectionnement professionnel. Tout d\u2019abord, vous avez quelques tests \u00e0 passer.<\/p>\n<\/div><\/section><br \/>\n<section class=\"av_textblock_section\"  itemscope=\"itemscope\" itemtype=\"https:\/\/schema.org\/CreativeWork\" ><div class='avia_textblock pb40'   itemprop=\"text\" ><div class=\"grey-bg-header-section h3fs17 h4fs17\">\n<h3>Premi\u00e8re \u00e9tape : Plongez-vous dans l\u2019\u00e9tude!<\/h3>\n<div class=\"inner-grey\">\n<p class=\"pt10\">Votre premi\u00e8re t\u00e2che sera d\u2019\u00e9tudier pour vos examens sectoriels. Les lois et les r\u00e8glements sur les valeurs mobili\u00e8res exigent que tous les repr\u00e9sentants en services financiers r\u00e9ussissent les cours suivants pour pouvoir offrir des titres :<\/p>\n<ul class=\"pb20\">\n<li>Le Cours sur le commerce des valeurs mobili\u00e8res au Canada (CCVM)<\/li>\n<li>Le Cours relatif au Manuel sur les normes de conduite (CMNC)<\/li>\n<\/ul>\n<p>Afin d\u2019obtenir les permis n\u00e9cessaires pour offrir des produits d\u2019assurance, les repr\u00e9sentants en services financiers doivent \u00e9galement suivre le Programme de qualification en assurance de personnes (PQAP).<\/p>\n<h4>Pr\u00e9parez-vous \u00e0 travailler, mais pas seul<\/h4>\n<p>Le secteur des services financiers est complexe et en constante \u00e9volution. En tant que repr\u00e9sentant en services financiers, vous devez bien comprendre les diff\u00e9rents placements qui s\u2019offrent \u00e0 vos clients, la r\u00e9glementation en mati\u00e8re de convenance pour le client et les r\u00e8gles g\u00e9n\u00e9rales du secteur. Vous devez donc ma\u00eetriser toutes ces notions de mani\u00e8re \u00e0 pouvoir offrir des solutions personnalis\u00e9es aux clients en toute confiance.<\/p>\n<p>Se pr\u00e9parer aux examens du CCVM, du CMNC et du PQAP est difficile et n\u00e9cessite beaucoup de temps.<\/p>\n<ul class=\"pb20\">\n<li>Les stagiaires consacrent <strong>un minimum de 45 heures d\u2019\u00e9tudes par semaine pendant la p\u00e9riode<\/strong> d\u2019\u00e9tude pr\u00e9paratoire aux examens.<\/li>\n<\/ul>\n<h4>\u00catre r\u00e9mun\u00e9r\u00e9 pendant les \u00e9tudes<\/h4>\n<p>Pendant l\u2019int\u00e9gration, vous deviendrez un associ\u00e9 \u00e0 temps plein d\u2019Edward Jones et recevrez une r\u00e9mun\u00e9ration toutes les deux semaines. Cela vous permettra de vous concentrer sur la formation, le perfectionnement et vos \u00e9tudes en vue d\u2019obtenir vos permis et de commencer \u00e0 apprendre des strat\u00e9gies de d\u00e9veloppement des affaires.<\/p>\n<h4>Tout ce dont vous avez besoin pour r\u00e9ussir<\/h4>\n<p>Gr\u00e2ce \u00e0 notre programme d\u2019\u00e9tude, vous disposerez de tout le soutien dont vous avez besoin pour r\u00e9ussir les examens du CCVM, du CMNC et du PQAP. Attendez-vous \u00e0 :<\/p>\n<ul class=\"pb20\">\n<li>Recevoir des documents d\u2019\u00e9tude complets et des tests pratiques<\/li>\n<li>B\u00e9n\u00e9ficier du soutien d\u2019une \u00e9quipe d\u2019\u00e9tude qui surveillera vos progr\u00e8s et r\u00e9pondra \u00e0 vos questions sur la mati\u00e8re<\/li>\n<li>Des outils et des ressources pour vous aider en cours de route<\/li>\n<\/ul>\n<\/div>\n<\/div>\n<\/div><\/section><br \/>\n<section class=\"av_textblock_section\"  itemscope=\"itemscope\" itemtype=\"https:\/\/schema.org\/CreativeWork\" ><div class='avia_textblock pb40'   itemprop=\"text\" ><div class=\"grey-bg-header-section h3fs17\">\n<h3>Deuxi\u00e8me \u00e9tape : Apprentissage virtuel et en personne<\/h3>\n<div class=\"inner-grey\">\n<p class=\"pt10\">Au cours de la p\u00e9riode d\u2019\u00e9tude, vous participerez \u00e0 des s\u00e9ances d\u2019apprentissage \u00e0 distance pour vous aider \u00e0 acqu\u00e9rir des connaissances sur le secteur et les placements. Vous b\u00e9n\u00e9ficierez \u00e9galement du soutien et de la collaboration d\u2019autres repr\u00e9sentants en services financiers de votre r\u00e9gion. Vers la fin de la p\u00e9riode d\u2019int\u00e9gration, vous vous rendrez au si\u00e8ge social d\u2019Edward Jones \u00e0 Mississauga, en Ontario, pour une formation en personne et des ateliers avec d\u2019autres repr\u00e9sentants en services financiers en formation. Ces s\u00e9ances offrent une excellente occasion d\u2019interagir, de collaborer et de r\u00e9fl\u00e9chir avec vos coll\u00e8gues de partout au pays, alors que vous vous pr\u00e9parez \u00e0 b\u00e2tir votre client\u00e8le.<\/p>\n<ul class=\"pb20\">\n<li>Conna\u00eetre vos clients<\/li>\n<li>Lancer votre pratique<\/li>\n<li>Programme de perfectionnement de votre pratique<\/li>\n<\/ul>\n<\/div>\n<\/div>\n<\/div><\/section><br \/>\n<section class=\"av_textblock_section\"  itemscope=\"itemscope\" itemtype=\"https:\/\/schema.org\/CreativeWork\" ><div class='avia_textblock '   itemprop=\"text\" ><div class=\"grey-bg-header-section h3fs17\">\n<h3>Troisi\u00e8me \u00e9tape : Ouvrons votre bureau!<\/h3>\n<div class=\"inner-grey\">\n<p class=\"pt10\">Vous \u00eates fin pr\u00eat \u00e0 commencer \u00e0 b\u00e2tir votre client\u00e8le dans une succursale de votre choix.<\/p>\n<p class=\"pb20\">C\u2019est \u00e0 ce moment-l\u00e0 que nos syst\u00e8mes de soutien l\u00e9gendaires entrent en jeu, et c\u2019est ce que nous entendons par \u00ab seul, mais jamais seul \u00bb. En tant que repr\u00e9sentant en services financiers d\u2019Edward Jones, vous aurez acc\u00e8s \u00e0 de l\u2019encadrement professionnel pour vous aider \u00e0 int\u00e9grer ce que vous avez appris en formation \u00e0 vos activit\u00e9s d\u2019affaires. Des repr\u00e9sentants du si\u00e8ge social et sur le terrain seront toujours l\u00e0 pour vous aider \u00e0 d\u00e9velopper vos affaires. Nous ne cesserons jamais d\u2019\u00eatre l\u00e0 pour vous aider et vous offrir des occasions d\u2019apprentissage.<\/p>\n<\/div>\n<\/div>\n<\/div><\/section><\/p><\/div><div class=\"flex_column av_one_fourth  flex_column_div av-zero-column-padding   search-widget search-widget-vertical \" style='background-color:#fde57f; border-radius:0px; '><div class='avia-builder-widget-area clearfix '><div id=\"widget_job_search_v2-7\" class=\"widget clearfix widget-jobsearch widget-jobsearch-v2\"><form method=\"GET\" id=\"cws_quickjobsearch\" role=\"search\" class=\"clearfix g-cols offset_medium\" action=\"\/fr-CA\/resultats-de-la-recherche-demploi\/\"><div class=\"quicksearch-title first avia-builder-el-first flex_column av_one_third\"><h2 class=\"widgettitle cws-widgetitle\">Test<\/h2><\/div><div class=\"quicksearch-field quicksearch-SearchText  flex_column av_one_third horizontal\"><div class=\"w-form-row\"><div class=\"w-form-row-label\"><label for=\"cws_quickjobsearch_keywords\">Keyword<\/label><\/div><div class=\"w-form-row-field\"><input type=\"text\" class=\"text_input keyword_suggest\" name=\"keyword\" id=\"cws_quickjobsearch_keywords\" data-autocomplete_limit=\"5\" data-param=\"SearchText\" aria-describedby=\"keyword-help\" value=\"\" \/><span id=\"keyword-help\" class=\"visually-hidden sr-only\" aria-live=\"polite\">Begin typing to find suggestions.<\/span><span class=\"w-form-row-field-bar\"><\/span><\/div><input type=\"hidden\" name=\"fuzzy\" id=\"cws_quickjobsearch_fuzzy\" data-param=\"fuzzy\" value=\"\" \/><\/div><\/div><div class=\"quicksearch-btn avia-builder-el-last flex_column av_one_third\"><input class=\"avia-button avia-color-theme-color avia-size-small quicksearch-submit\" type=\"submit\" value=\"Recherche d\u2019emplois\" \/><\/div><\/form><\/div><\/div><\/div>\n","protected":false},"excerpt":{"rendered":"","protected":false},"author":1415,"featured_media":0,"parent":18978,"menu_order":0,"comment_status":"closed","ping_status":"closed","template":"","meta":{"pgc_meta":"","footnotes":""},"persona":[],"class_list":["post-19162","page","type-page","status-publish","hentry"],"yoast_head":"<!-- This site is optimized with the Yoast SEO Premium plugin v22.8 (Yoast SEO v22.8) - https:\/\/yoast.com\/wordpress\/plugins\/seo\/ -->\n<title>Obtenez un salaire pendant vos \u00e9tudes pour les examens du secteur des valeurs mobili\u00e8res | Edward Jones<\/title>\n<meta name=\"description\" content=\"Les nouveaux repr\u00e9sentants en services financiers en ont beaucoup \u00e0 apprendre sur le secteur des valeurs mobili\u00e8res. Nous vous payons pendant que vous \u00e9tudiez en vue de vos examens CCVM et CMNC. D\u00e9couvrez comment nous investissons dans votre r\u00e9ussite.\" \/>\n<meta name=\"robots\" content=\"noindex, follow, max-snippet:-1, max-image-preview:large, max-video-preview:-1\" \/>\n<meta property=\"og:locale\" content=\"fr_CA\" \/>\n<meta property=\"og:type\" content=\"article\" \/>\n<meta property=\"og:title\" content=\"Permis et soutien\" \/>\n<meta property=\"og:description\" content=\"Les nouveaux repr\u00e9sentants en services financiers en ont beaucoup \u00e0 apprendre sur le secteur des valeurs mobili\u00e8res. Nous vous payons pendant que vous \u00e9tudiez en vue de vos examens CCVM et CMNC. D\u00e9couvrez comment nous investissons dans votre r\u00e9ussite.\" \/>\n<meta property=\"og:url\" content=\"https:\/\/edwardjones.cert.xcc.smashfly.io\/fr-CA\/domaines-de-carriere\/nouveaux-representants-en-services-financiers\/permis-et-soutien\/\" \/>\n<meta property=\"og:site_name\" content=\"Edward Jones\" \/>\n<meta property=\"article:modified_time\" content=\"2021-02-05T01:59:45+00:00\" \/>\n<meta property=\"og:image\" content=\"https:\/\/edwardjones.cert.xcc.smashfly.io\/wp-content\/uploads\/sites\/1392\/2020\/10\/EdwardJonesCareers-logo-200x200px.jpg\" \/>\n\t<meta property=\"og:image:width\" content=\"200\" \/>\n\t<meta property=\"og:image:height\" content=\"200\" \/>\n\t<meta property=\"og:image:type\" content=\"image\/jpeg\" \/>\n<meta name=\"twitter:label1\" content=\"Estimation du temps de lecture\" \/>\n\t<meta name=\"twitter:data1\" content=\"8 minutes\" \/>\n<script type=\"application\/ld+json\" class=\"yoast-schema-graph\">{\"@context\":\"https:\/\/schema.org\",\"@graph\":[{\"@type\":\"WebPage\",\"@id\":\"https:\/\/edwardjones.cert.xcc.smashfly.io\/fr-CA\/domaines-de-carriere\/nouveaux-representants-en-services-financiers\/permis-et-soutien\/\",\"url\":\"https:\/\/edwardjones.cert.xcc.smashfly.io\/fr-CA\/domaines-de-carriere\/nouveaux-representants-en-services-financiers\/permis-et-soutien\/\",\"name\":\"Obtenez un salaire pendant vos \u00e9tudes pour les examens du secteur des valeurs mobili\u00e8res | Edward Jones\",\"isPartOf\":{\"@id\":\"https:\/\/edwardjones.cert.xcc.smashfly.io\/#website\"},\"datePublished\":\"2020-12-28T14:17:10+00:00\",\"dateModified\":\"2021-02-05T01:59:45+00:00\",\"description\":\"Les nouveaux repr\u00e9sentants en services financiers en ont beaucoup \u00e0 apprendre sur le secteur des valeurs mobili\u00e8res. Nous vous payons pendant que vous \u00e9tudiez en vue de vos examens CCVM et CMNC. D\u00e9couvrez comment nous investissons dans votre r\u00e9ussite.\",\"breadcrumb\":{\"@id\":\"https:\/\/edwardjones.cert.xcc.smashfly.io\/fr-CA\/domaines-de-carriere\/nouveaux-representants-en-services-financiers\/permis-et-soutien\/#breadcrumb\"},\"inLanguage\":\"fr-CA\",\"potentialAction\":[{\"@type\":\"ReadAction\",\"target\":[\"https:\/\/edwardjones.cert.xcc.smashfly.io\/fr-CA\/domaines-de-carriere\/nouveaux-representants-en-services-financiers\/permis-et-soutien\/\"]}]},{\"@type\":\"BreadcrumbList\",\"@id\":\"https:\/\/edwardjones.cert.xcc.smashfly.io\/fr-CA\/domaines-de-carriere\/nouveaux-representants-en-services-financiers\/permis-et-soutien\/#breadcrumb\",\"itemListElement\":[{\"@type\":\"ListItem\",\"position\":1,\"name\":\"Home\",\"item\":\"https:\/\/edwardjones.cert.xcc.smashfly.io\/fr-CA\/\"},{\"@type\":\"ListItem\",\"position\":2,\"name\":\"Domaines de carri\u00e8re\",\"item\":\"https:\/\/edwardjones.cert.xcc.smashfly.io\/fr-CA\/domaines-de-carriere\/\"},{\"@type\":\"ListItem\",\"position\":3,\"name\":\"Nouveaux repr\u00e9sentants en services financiers\",\"item\":\"https:\/\/edwardjones.cert.xcc.smashfly.io\/fr-CA\/domaines-de-carriere\/nouveaux-representants-en-services-financiers\/\"},{\"@type\":\"ListItem\",\"position\":4,\"name\":\"Permis et soutien\"}]},{\"@type\":\"WebSite\",\"@id\":\"https:\/\/edwardjones.cert.xcc.smashfly.io\/#website\",\"url\":\"https:\/\/edwardjones.cert.xcc.smashfly.io\/\",\"name\":\"Edward Jones\",\"description\":\"ibee Demo Site\",\"potentialAction\":[{\"@type\":\"SearchAction\",\"target\":{\"@type\":\"EntryPoint\",\"urlTemplate\":\"https:\/\/edwardjones.cert.xcc.smashfly.io\/?s={search_term_string}\"},\"query-input\":\"required name=search_term_string\"}],\"inLanguage\":\"fr-CA\"}]}<\/script>\n<!-- \/ Yoast SEO Premium plugin. -->","yoast_head_json":{"title":"Obtenez un salaire pendant vos \u00e9tudes pour les examens du secteur des valeurs mobili\u00e8res | Edward Jones","description":"Les nouveaux repr\u00e9sentants en services financiers en ont beaucoup \u00e0 apprendre sur le secteur des valeurs mobili\u00e8res. Nous vous payons pendant que vous \u00e9tudiez en vue de vos examens CCVM et CMNC. D\u00e9couvrez comment nous investissons dans votre r\u00e9ussite.","robots":{"index":"noindex","follow":"follow","max-snippet":"max-snippet:-1","max-image-preview":"max-image-preview:large","max-video-preview":"max-video-preview:-1"},"og_locale":"fr_CA","og_type":"article","og_title":"Permis et soutien","og_description":"Les nouveaux repr\u00e9sentants en services financiers en ont beaucoup \u00e0 apprendre sur le secteur des valeurs mobili\u00e8res. Nous vous payons pendant que vous \u00e9tudiez en vue de vos examens CCVM et CMNC. D\u00e9couvrez comment nous investissons dans votre r\u00e9ussite.","og_url":"https:\/\/edwardjones.cert.xcc.smashfly.io\/fr-CA\/domaines-de-carriere\/nouveaux-representants-en-services-financiers\/permis-et-soutien\/","og_site_name":"Edward Jones","article_modified_time":"2021-02-05T01:59:45+00:00","og_image":[{"width":200,"height":200,"url":"https:\/\/edwardjones.cert.xcc.smashfly.io\/wp-content\/uploads\/sites\/1392\/2020\/10\/EdwardJonesCareers-logo-200x200px.jpg","type":"image\/jpeg"}],"twitter_misc":{"Estimation du temps de lecture":"8 minutes"},"schema":{"@context":"https:\/\/schema.org","@graph":[{"@type":"WebPage","@id":"https:\/\/edwardjones.cert.xcc.smashfly.io\/fr-CA\/domaines-de-carriere\/nouveaux-representants-en-services-financiers\/permis-et-soutien\/","url":"https:\/\/edwardjones.cert.xcc.smashfly.io\/fr-CA\/domaines-de-carriere\/nouveaux-representants-en-services-financiers\/permis-et-soutien\/","name":"Obtenez un salaire pendant vos \u00e9tudes pour les examens du secteur des valeurs mobili\u00e8res | Edward Jones","isPartOf":{"@id":"https:\/\/edwardjones.cert.xcc.smashfly.io\/#website"},"datePublished":"2020-12-28T14:17:10+00:00","dateModified":"2021-02-05T01:59:45+00:00","description":"Les nouveaux repr\u00e9sentants en services financiers en ont beaucoup \u00e0 apprendre sur le secteur des valeurs mobili\u00e8res. Nous vous payons pendant que vous \u00e9tudiez en vue de vos examens CCVM et CMNC. D\u00e9couvrez comment nous investissons dans votre r\u00e9ussite.","breadcrumb":{"@id":"https:\/\/edwardjones.cert.xcc.smashfly.io\/fr-CA\/domaines-de-carriere\/nouveaux-representants-en-services-financiers\/permis-et-soutien\/#breadcrumb"},"inLanguage":"fr-CA","potentialAction":[{"@type":"ReadAction","target":["https:\/\/edwardjones.cert.xcc.smashfly.io\/fr-CA\/domaines-de-carriere\/nouveaux-representants-en-services-financiers\/permis-et-soutien\/"]}]},{"@type":"BreadcrumbList","@id":"https:\/\/edwardjones.cert.xcc.smashfly.io\/fr-CA\/domaines-de-carriere\/nouveaux-representants-en-services-financiers\/permis-et-soutien\/#breadcrumb","itemListElement":[{"@type":"ListItem","position":1,"name":"Home","item":"https:\/\/edwardjones.cert.xcc.smashfly.io\/fr-CA\/"},{"@type":"ListItem","position":2,"name":"Domaines de carri\u00e8re","item":"https:\/\/edwardjones.cert.xcc.smashfly.io\/fr-CA\/domaines-de-carriere\/"},{"@type":"ListItem","position":3,"name":"Nouveaux repr\u00e9sentants en services financiers","item":"https:\/\/edwardjones.cert.xcc.smashfly.io\/fr-CA\/domaines-de-carriere\/nouveaux-representants-en-services-financiers\/"},{"@type":"ListItem","position":4,"name":"Permis et soutien"}]},{"@type":"WebSite","@id":"https:\/\/edwardjones.cert.xcc.smashfly.io\/#website","url":"https:\/\/edwardjones.cert.xcc.smashfly.io\/","name":"Edward Jones","description":"ibee Demo Site","potentialAction":[{"@type":"SearchAction","target":{"@type":"EntryPoint","urlTemplate":"https:\/\/edwardjones.cert.xcc.smashfly.io\/?s={search_term_string}"},"query-input":"required name=search_term_string"}],"inLanguage":"fr-CA"}]}},"pgc_meta":"","_links":{"self":[{"href":"https:\/\/edwardjones.cert.xcc.smashfly.io\/fr-CA\/wp-json\/wp\/v2\/pages\/19162","targetHints":{"allow":["GET"]}}],"collection":[{"href":"https:\/\/edwardjones.cert.xcc.smashfly.io\/fr-CA\/wp-json\/wp\/v2\/pages"}],"about":[{"href":"https:\/\/edwardjones.cert.xcc.smashfly.io\/fr-CA\/wp-json\/wp\/v2\/types\/page"}],"author":[{"embeddable":true,"href":"https:\/\/edwardjones.cert.xcc.smashfly.io\/fr-CA\/wp-json\/wp\/v2\/users\/1415"}],"replies":[{"embeddable":true,"href":"https:\/\/edwardjones.cert.xcc.smashfly.io\/fr-CA\/wp-json\/wp\/v2\/comments?post=19162"}],"version-history":[{"count":0,"href":"https:\/\/edwardjones.cert.xcc.smashfly.io\/fr-CA\/wp-json\/wp\/v2\/pages\/19162\/revisions"}],"up":[{"embeddable":true,"href":"https:\/\/edwardjones.cert.xcc.smashfly.io\/fr-CA\/wp-json\/wp\/v2\/pages\/18978"}],"wp:attachment":[{"href":"https:\/\/edwardjones.cert.xcc.smashfly.io\/fr-CA\/wp-json\/wp\/v2\/media?parent=19162"}],"wp:term":[{"taxonomy":"persona","embeddable":true,"href":"https:\/\/edwardjones.cert.xcc.smashfly.io\/fr-CA\/wp-json\/wp\/v2\/persona?post=19162"}],"curies":[{"name":"wp","href":"https:\/\/api.w.org\/{rel}","templated":true}]}}