{"id":19367,"date":"2020-12-31T15:54:07","date_gmt":"2020-12-31T15:54:07","guid":{"rendered":"https:\/\/careers.edwardjones.com\/?page_id=19367"},"modified":"2021-02-14T20:28:55","modified_gmt":"2021-02-14T20:28:55","slug":"produits-et-services","status":"publish","type":"page","link":"https:\/\/edwardjones.cert.xcc.smashfly.io\/fr-CA\/domaines-de-carriere\/representants-en-services-financiers-chevronnes\/produits-et-services\/","title":{"rendered":"Produits et services"},"content":{"rendered":"<\/div><\/div><\/div><!-- close content main div --><\/div><\/div><div id='av_section_1' class='avia-section main_color avia-section-no-padding avia-no-border-styling avia-bg-style-scroll  breadcrumb-section minht0 pb40 container_wrap fullsize'   ><div class='container' ><div class='template-page content  av-content-full alpha units'><div class='post-entry post-entry-type-page post-entry-19367'><div class='entry-content-wrapper clearfix'>\n<section class=\"av_textblock_section\"  itemscope=\"itemscope\" itemtype=\"https:\/\/schema.org\/CreativeWork\" ><div class='avia_textblock '   itemprop=\"text\" ><div class=\"breadcrumb breadcrumbs avia-breadcrumbs\"><div class=\"breadcrumb-trail\" ><a href=\"https:\/\/edwardjones.cert.xcc.smashfly.io\/fr-CA\/\" title=\"Edward Jones\" rel=\"home\" class=\"trail-begin\">Home<\/a><\/div><\/div>\n<\/div><\/section>\n\n<\/div><\/div><\/div><!-- close content main div --><\/div><\/div><div id='av_section_2' class='avia-section main_color avia-section-no-padding avia-no-border-styling avia-bg-style-scroll  left-text-right-image two-col-wideimg reverse-col pb90 container_wrap fullsize'   ><div class='container' ><div class='template-page content  av-content-full alpha units'><div class='post-entry post-entry-type-page post-entry-19367'><div class='entry-content-wrapper clearfix'>\n<div class='flex_column_table av-equal-height-column-flextable' ><div class=\"flex_column av_one_half  no_margin flex_column_table_cell av-equal-height-column av-align-middle av-zero-column-padding first  l-text \" style='background-color:#f1f3f4; border-radius:0px; '><section class=\"av_textblock_section\"  itemscope=\"itemscope\" itemtype=\"https:\/\/schema.org\/CreativeWork\" ><div class='avia_textblock h1fs45'   itemprop=\"text\" ><h1>Des clients ayant des besoins complexes? Nous sommes l\u00e0 pour \u00e7a : allons\u2011y.<\/h1>\n<\/div><\/section><\/div><div class=\"flex_column av_one_half  no_margin flex_column_table_cell av-equal-height-column av-align-middle av-zero-column-padding   r-img \" style='border-radius:0px; '><div class='avia-image-container  av-styling-    avia-align-right '  itemscope=\"itemscope\" itemtype=\"https:\/\/schema.org\/ImageObject\"  ><div class='avia-image-container-inner'><img class='avia_image ' src='https:\/\/edwardjones.cert.xcc.smashfly.io\/wp-content\/uploads\/sites\/1392\/2021\/02\/2017-04-STL-Downtown-Branch-0801.jpg' alt='Un couple d\u2019a\u00een\u00e9s assis au bureau d\u2019une repr\u00e9sentante en services financiers.' title=''   itemprop=\"contentURL\"  \/><\/div><\/div><\/div><\/div><!--close column table wrapper. Autoclose:  --><\/div><\/div><\/div><!-- close content main div --><\/div><\/div><div id='av_section_3' class='avia-section main_color avia-section-no-padding avia-no-border-styling avia-bg-style-scroll  pb90 search-widget-vertical-container container_wrap fullsize'   ><div class='container' ><div class='template-page content  av-content-full alpha units'><div class='post-entry post-entry-type-page post-entry-19367'><div class='entry-content-wrapper clearfix'>\n<div class=\"flex_column av_three_fourth  flex_column_div av-zero-column-padding first  h4fs20  \" style='border-radius:0px; '><section class=\"av_textblock_section\"  itemscope=\"itemscope\" itemtype=\"https:\/\/schema.org\/CreativeWork\" ><div class='avia_textblock pb70 h3fs20 h2fs17 h2fw500'   itemprop=\"text\" ><h2 class=\"pb20\">Gr\u00e2ce \u00e0 notre vaste gamme de produits sp\u00e9cialis\u00e9s, vous pouvez avoir confiance en votre capacit\u00e9 \u00e0 offrir des solutions adapt\u00e9es aux besoins complexes de tout investisseur.<\/h2>\n<p>Nous disposons de ressources, comme notre <strong>\u00e9quipe de consultation<\/strong>, qui se sp\u00e9cialisent aupr\u00e8s des clients \u00e0 valeur nette \u00e9lev\u00e9e ayant des besoins complexes. Cette \u00e9quipe de strat\u00e8ges en gestion de patrimoine de notre si\u00e8ge social peut vous servir de source de r\u00e9troaction pour vos id\u00e9es et vous aider \u00e0 tirer parti des strat\u00e9gies d\u00e9j\u00e0 en place. Toutefois, la gestion des relations avec les clients et des actifs ne quitte jamais votre succursale. L\u2019\u00e9quipe de consultation peut fournir des conseils et des lignes directrices de la part d\u2019autres professionnels, comme des CPA et des avocats, qui font partie de votre \u00e9quipe.<\/p>\n<p class=\"m0\">Voici quelques sujets courants que l\u2019\u00e9quipe de consultation peut aborder :<\/p>\n<ul class=\"pb20\">\n<li>Les besoins en mati\u00e8re de revenu et de flux de tr\u00e9sorerie<\/li>\n<li>La rel\u00e8ve d\u2019entreprise<\/li>\n<li>La r\u00e9mun\u00e9ration des dirigeants<\/li>\n<li>Consid\u00e9rations relatives \u00e0 la succession et au patrimoine<\/li>\n<li>La protection<\/li>\n<\/ul>\n<h3>Portefeuilles Guid\u00e9s Edward Jones<strong><span>\u1d39\u1d30<\/span><\/strong><\/h3>\n<p>Les Portefeuilles Guid\u00e9s Edward Jones<strong><span>\u1d39\u1d30<\/span><\/strong> sont un programme \u00e0 honoraires non discr\u00e9tionnaire qui repose sur une strat\u00e9gie bien pens\u00e9e, des lignes directrices structur\u00e9es en mati\u00e8re de placement et un processus d\u2019examen d\u00e9fini et r\u00e9gulier pour aider les clients \u00e0 garder le cap sur leurs objectifs financiers \u00e0 long terme. Les repr\u00e9sentants en services financiers aideront les clients \u00e0 \u00e9tablir l\u2019ordre de priorit\u00e9 de leurs objectifs financiers, \u00e0 construire un portefeuille et \u00e0 \u00e9laborer une strat\u00e9gie de placement qui sont adapt\u00e9s \u00e0 ces objectifs, et \u00e0 effectuer des examens r\u00e9guliers pour s\u2019assurer que les clients restent sur la bonne voie, peu importe les changements qui se produisent dans leur vie.<\/p>\n<h3>Programme de portefeuille Edward Jones<strong><span>\u1d39\u1d30<\/span><\/strong><\/h3>\n<p>Pour les investisseurs qui cherchent \u00e0 prendre du recul par rapport \u00e0 leurs d\u00e9cisions de placement quotidiennes, le Programme de portefeuille Edward Jones<strong><span>\u1d39\u1d30<\/span><\/strong> peut aider les clients \u00e0 atteindre leurs objectifs de portefeuille \u00e0 long terme. Il s\u2019agit d\u2019un programme de placement g\u00e9r\u00e9 complet qui combine une strat\u00e9gie de placement personnelle et une gestion de portefeuille professionnelle dirig\u00e9e par un gestionnaire d\u2019actif d\u2019envergure mondial, SEI, afin que les objectifs de portefeuille des clients puissent \u00eatre atteints. Les d\u00e9cisions de placement cruciales, comme la r\u00e9partition strat\u00e9gique de l\u2019actif, la construction du portefeuille, la surveillance continue du portefeuille et le r\u00e9\u00e9quilibrage, sont confi\u00e9es \u00e0 des professionnels des placements afin que les clients puissent avoir le temps de se concentrer sur ce qui est important pour eux.<\/p>\n<\/div><\/section><br \/>\n<section class=\"av_textblock_section\"  itemscope=\"itemscope\" itemtype=\"https:\/\/schema.org\/CreativeWork\" ><div class='avia_textblock pb40'   itemprop=\"text\" ><div class=\"grey-bg-header-section h3fs17 h4fs17\">\n<h3>Offre de produits<\/h3>\n<div class=\"inner-grey\">\n<div class=\"flex_column_table av-equal-height-column-flextable\">\n<div class=\"flex_column av_one_half flex_column_table_cell av-equal-height-column av-align-top av-zero-column-padding first avia-builder-el-72 el_before_av_one_half avia-builder-el-first\">\n<section class=\"av_textblock_section\">\n<div class=\"avia_textblock\" itemscope=\"itemscope\">\n<h4 class=\"pt10\">Rentes<\/h4>\n<p>Rentes en service<br \/>\nCPG assurance<br \/>\nFonds distincts<\/p>\n<h4 class=\"pb20\">R\u00e9gimes de retraite collectifs<\/h4>\n<h4>\u00c9pargne-\u00e9tudes<\/h4>\n<p>REEE<\/p>\n<h4>Placements en actions<\/h4>\n<p>Actions ordinaires<\/p>\n<h4 class=\"pb20\">Fonds n\u00e9goci\u00e9s en bourse<\/h4>\n<h4>Placements en titres \u00e0 revenu fixe<\/h4>\n<p>Obligations<br \/>\nCertificats de placement garanti (CPG)<\/p>\n<h4>Comptes de retraite<\/h4>\n<p>REER\/FERR<br \/>\nCompte d\u2019\u00e9pargne libre d\u2019imp\u00f4t (CELI)<br \/>\nCRI\/FRV<\/p>\n<h4 class=\"pt10\">Assurance<\/h4>\n<p>Assurance vie<br \/>\nAssurance de soins de longue dur\u00e9e<br \/>\nAssurance invalidit\u00e9<br \/>\nAssurance contre les maladies graves<\/p>\n<\/div>\n<\/section>\n<\/div>\n<div class=\"av-flex-placeholder\"><\/div>\n<div class=\"flex_column av_one_half flex_column_table_cell av-equal-height-column av-align-top av-zero-column-padding avia-builder-el-74 el_after_av_one_half avia-builder-el-last\">\n<section class=\"av_textblock_section\">\n<div class=\"avia_textblock\" itemscope=\"itemscope\">\n<h4 class=\"pt10 pb20\">Fonds du march\u00e9 mon\u00e9taire<\/h4>\n<h4 class=\"pb20\">Compte d\u2019\u00e9pargne \u00e0 int\u00e9r\u00eat \u00e9lev\u00e9 (CEIE)<\/h4>\n<h4 class=\"pb20\">Fonds communs de placement<\/h4>\n<h4>Outils<\/h4>\n<p class=\"m0\">Consid\u00e9rations successorales<br \/>\nCalculateurs financiers<br \/>\nProgrammes de formation \u00e0 l\u2019intention des investisseurs<br \/>\nAcc\u00e8s au compte en ligne<br \/>\nExamens de r\u00e9gimes<br \/>\nRecherche sur les portefeuilles et la retraite<\/p>\n<ul>\n<li>Actions<\/li>\n<li>Fonds n\u00e9goci\u00e9s en bourse<\/li>\n<li>Titres \u00e0 revenu fixe<\/li>\n<li>Fonds communs de placement<\/li>\n<\/ul>\n<p>R\u00e9gimes de retraite<br \/>\nTransferts et regroupements<br \/>\nSolutions d\u2019\u00e9pargne, de d\u00e9penses et d\u2019emprunt<br \/>\nPlacements syst\u00e9matiques<\/p>\n<h4>Services<\/h4>\n<p>\u00c9quipe de consultation<br \/>\nPortefeuilles Guid\u00e9s Edward Jones<strong><span>\u1d39\u1d30<\/span><\/strong><br \/>\nProgramme de portefeuille Edward Jones<strong><span>\u1d39\u1d30<\/span><\/strong><\/p>\n<\/div>\n<\/section>\n<\/div>\n<\/div>\n<\/div>\n<\/div>\n<\/div><\/section><\/p><\/div><div class=\"flex_column av_one_fourth  flex_column_div av-zero-column-padding   search-widget search-widget-vertical \" style='background-color:#fde57f; border-radius:0px; '><div class='avia-builder-widget-area clearfix '><div id=\"widget_job_search_v2-7\" class=\"widget clearfix widget-jobsearch widget-jobsearch-v2\"><form method=\"GET\" id=\"cws_quickjobsearch\" role=\"search\" class=\"clearfix g-cols offset_medium\" action=\"\/fr-CA\/resultats-de-la-recherche-demploi\/\"><div class=\"quicksearch-title first avia-builder-el-first flex_column av_one_third\"><h2 class=\"widgettitle cws-widgetitle\">Test<\/h2><\/div><div class=\"quicksearch-field quicksearch-SearchText  flex_column av_one_third horizontal\"><div class=\"w-form-row\"><div class=\"w-form-row-label\"><label for=\"cws_quickjobsearch_keywords\">Keyword<\/label><\/div><div class=\"w-form-row-field\"><input type=\"text\" class=\"text_input keyword_suggest\" name=\"keyword\" id=\"cws_quickjobsearch_keywords\" data-autocomplete_limit=\"5\" data-param=\"SearchText\" aria-describedby=\"keyword-help\" value=\"\" \/><span id=\"keyword-help\" class=\"visually-hidden sr-only\" aria-live=\"polite\">Begin typing to find suggestions.<\/span><span class=\"w-form-row-field-bar\"><\/span><\/div><input type=\"hidden\" name=\"fuzzy\" id=\"cws_quickjobsearch_fuzzy\" data-param=\"fuzzy\" value=\"\" \/><\/div><\/div><div class=\"quicksearch-btn avia-builder-el-last flex_column av_one_third\"><input class=\"avia-button avia-color-theme-color avia-size-small quicksearch-submit\" type=\"submit\" value=\"Recherche d\u2019emplois\" \/><\/div><\/form><\/div><\/div><\/div>\n<\/p>\n","protected":false},"excerpt":{"rendered":"","protected":false},"author":1415,"featured_media":0,"parent":19291,"menu_order":0,"comment_status":"closed","ping_status":"closed","template":"","meta":{"pgc_meta":"","footnotes":""},"persona":[],"class_list":["post-19367","page","type-page","status-publish","hentry"],"yoast_head":"<!-- This site is optimized with the Yoast SEO Premium plugin v22.8 (Yoast SEO v22.8) - https:\/\/yoast.com\/wordpress\/plugins\/seo\/ -->\n<title>Produits et services pour r\u00e9pondre aux besoins des investisseurs complexes | Edward Jones<\/title>\n<meta name=\"description\" content=\"Des solutions personnalis\u00e9es pour r\u00e9pondre aux besoins de tout investisseur, y compris les clients \u00e0 valeur nette \u00e9lev\u00e9e ayant des besoins complexes. D\u00e9couvrez notre vaste gamme de produits et de services.\" \/>\n<meta name=\"robots\" content=\"noindex, follow, max-snippet:-1, max-image-preview:large, max-video-preview:-1\" \/>\n<meta property=\"og:locale\" content=\"fr_CA\" \/>\n<meta property=\"og:type\" content=\"article\" \/>\n<meta property=\"og:title\" content=\"Produits et services\" \/>\n<meta property=\"og:description\" content=\"Des solutions personnalis\u00e9es pour r\u00e9pondre aux besoins de tout investisseur, y compris les clients \u00e0 valeur nette \u00e9lev\u00e9e ayant des besoins complexes. D\u00e9couvrez notre vaste gamme de produits et de services.\" \/>\n<meta property=\"og:url\" content=\"https:\/\/edwardjones.cert.xcc.smashfly.io\/fr-CA\/domaines-de-carriere\/representants-en-services-financiers-chevronnes\/produits-et-services\/\" \/>\n<meta property=\"og:site_name\" content=\"Edward Jones\" \/>\n<meta property=\"article:modified_time\" content=\"2021-02-14T20:28:55+00:00\" \/>\n<meta property=\"og:image\" content=\"https:\/\/edwardjones.cert.xcc.smashfly.io\/wp-content\/uploads\/sites\/1392\/2020\/10\/EdwardJonesCareers-logo-200x200px.jpg\" \/>\n\t<meta property=\"og:image:width\" content=\"200\" \/>\n\t<meta property=\"og:image:height\" content=\"200\" \/>\n\t<meta property=\"og:image:type\" content=\"image\/jpeg\" \/>\n<meta name=\"twitter:label1\" content=\"Estimation du temps de lecture\" \/>\n\t<meta name=\"twitter:data1\" content=\"6 minutes\" \/>\n<script type=\"application\/ld+json\" class=\"yoast-schema-graph\">{\"@context\":\"https:\/\/schema.org\",\"@graph\":[{\"@type\":\"WebPage\",\"@id\":\"https:\/\/edwardjones.cert.xcc.smashfly.io\/fr-CA\/domaines-de-carriere\/representants-en-services-financiers-chevronnes\/produits-et-services\/\",\"url\":\"https:\/\/edwardjones.cert.xcc.smashfly.io\/fr-CA\/domaines-de-carriere\/representants-en-services-financiers-chevronnes\/produits-et-services\/\",\"name\":\"Produits et services pour r\u00e9pondre aux besoins des investisseurs complexes | Edward Jones\",\"isPartOf\":{\"@id\":\"https:\/\/edwardjones.cert.xcc.smashfly.io\/#website\"},\"datePublished\":\"2020-12-31T15:54:07+00:00\",\"dateModified\":\"2021-02-14T20:28:55+00:00\",\"description\":\"Des solutions personnalis\u00e9es pour r\u00e9pondre aux besoins de tout investisseur, y compris les clients \u00e0 valeur nette \u00e9lev\u00e9e ayant des besoins complexes. D\u00e9couvrez notre vaste gamme de produits et de services.\",\"breadcrumb\":{\"@id\":\"https:\/\/edwardjones.cert.xcc.smashfly.io\/fr-CA\/domaines-de-carriere\/representants-en-services-financiers-chevronnes\/produits-et-services\/#breadcrumb\"},\"inLanguage\":\"fr-CA\",\"potentialAction\":[{\"@type\":\"ReadAction\",\"target\":[\"https:\/\/edwardjones.cert.xcc.smashfly.io\/fr-CA\/domaines-de-carriere\/representants-en-services-financiers-chevronnes\/produits-et-services\/\"]}]},{\"@type\":\"BreadcrumbList\",\"@id\":\"https:\/\/edwardjones.cert.xcc.smashfly.io\/fr-CA\/domaines-de-carriere\/representants-en-services-financiers-chevronnes\/produits-et-services\/#breadcrumb\",\"itemListElement\":[{\"@type\":\"ListItem\",\"position\":1,\"name\":\"Home\",\"item\":\"https:\/\/edwardjones.cert.xcc.smashfly.io\/fr-CA\/\"},{\"@type\":\"ListItem\",\"position\":2,\"name\":\"Domaines de carri\u00e8re\",\"item\":\"https:\/\/edwardjones.cert.xcc.smashfly.io\/fr-CA\/domaines-de-carriere\/\"},{\"@type\":\"ListItem\",\"position\":3,\"name\":\"Repr\u00e9sentants en services financiers chevronn\u00e9s\",\"item\":\"https:\/\/edwardjones.cert.xcc.smashfly.io\/fr-CA\/domaines-de-carriere\/representants-en-services-financiers-chevronnes\/\"},{\"@type\":\"ListItem\",\"position\":4,\"name\":\"Produits et services\"}]},{\"@type\":\"WebSite\",\"@id\":\"https:\/\/edwardjones.cert.xcc.smashfly.io\/#website\",\"url\":\"https:\/\/edwardjones.cert.xcc.smashfly.io\/\",\"name\":\"Edward Jones\",\"description\":\"ibee Demo Site\",\"potentialAction\":[{\"@type\":\"SearchAction\",\"target\":{\"@type\":\"EntryPoint\",\"urlTemplate\":\"https:\/\/edwardjones.cert.xcc.smashfly.io\/?s={search_term_string}\"},\"query-input\":\"required name=search_term_string\"}],\"inLanguage\":\"fr-CA\"}]}<\/script>\n<!-- \/ Yoast SEO Premium plugin. -->","yoast_head_json":{"title":"Produits et services pour r\u00e9pondre aux besoins des investisseurs complexes | Edward Jones","description":"Des solutions personnalis\u00e9es pour r\u00e9pondre aux besoins de tout investisseur, y compris les clients \u00e0 valeur nette \u00e9lev\u00e9e ayant des besoins complexes. D\u00e9couvrez notre vaste gamme de produits et de services.","robots":{"index":"noindex","follow":"follow","max-snippet":"max-snippet:-1","max-image-preview":"max-image-preview:large","max-video-preview":"max-video-preview:-1"},"og_locale":"fr_CA","og_type":"article","og_title":"Produits et services","og_description":"Des solutions personnalis\u00e9es pour r\u00e9pondre aux besoins de tout investisseur, y compris les clients \u00e0 valeur nette \u00e9lev\u00e9e ayant des besoins complexes. D\u00e9couvrez notre vaste gamme de produits et de services.","og_url":"https:\/\/edwardjones.cert.xcc.smashfly.io\/fr-CA\/domaines-de-carriere\/representants-en-services-financiers-chevronnes\/produits-et-services\/","og_site_name":"Edward Jones","article_modified_time":"2021-02-14T20:28:55+00:00","og_image":[{"width":200,"height":200,"url":"https:\/\/edwardjones.cert.xcc.smashfly.io\/wp-content\/uploads\/sites\/1392\/2020\/10\/EdwardJonesCareers-logo-200x200px.jpg","type":"image\/jpeg"}],"twitter_misc":{"Estimation du temps de lecture":"6 minutes"},"schema":{"@context":"https:\/\/schema.org","@graph":[{"@type":"WebPage","@id":"https:\/\/edwardjones.cert.xcc.smashfly.io\/fr-CA\/domaines-de-carriere\/representants-en-services-financiers-chevronnes\/produits-et-services\/","url":"https:\/\/edwardjones.cert.xcc.smashfly.io\/fr-CA\/domaines-de-carriere\/representants-en-services-financiers-chevronnes\/produits-et-services\/","name":"Produits et services pour r\u00e9pondre aux besoins des investisseurs complexes | Edward Jones","isPartOf":{"@id":"https:\/\/edwardjones.cert.xcc.smashfly.io\/#website"},"datePublished":"2020-12-31T15:54:07+00:00","dateModified":"2021-02-14T20:28:55+00:00","description":"Des solutions personnalis\u00e9es pour r\u00e9pondre aux besoins de tout investisseur, y compris les clients \u00e0 valeur nette \u00e9lev\u00e9e ayant des besoins complexes. D\u00e9couvrez notre vaste gamme de produits et de services.","breadcrumb":{"@id":"https:\/\/edwardjones.cert.xcc.smashfly.io\/fr-CA\/domaines-de-carriere\/representants-en-services-financiers-chevronnes\/produits-et-services\/#breadcrumb"},"inLanguage":"fr-CA","potentialAction":[{"@type":"ReadAction","target":["https:\/\/edwardjones.cert.xcc.smashfly.io\/fr-CA\/domaines-de-carriere\/representants-en-services-financiers-chevronnes\/produits-et-services\/"]}]},{"@type":"BreadcrumbList","@id":"https:\/\/edwardjones.cert.xcc.smashfly.io\/fr-CA\/domaines-de-carriere\/representants-en-services-financiers-chevronnes\/produits-et-services\/#breadcrumb","itemListElement":[{"@type":"ListItem","position":1,"name":"Home","item":"https:\/\/edwardjones.cert.xcc.smashfly.io\/fr-CA\/"},{"@type":"ListItem","position":2,"name":"Domaines de carri\u00e8re","item":"https:\/\/edwardjones.cert.xcc.smashfly.io\/fr-CA\/domaines-de-carriere\/"},{"@type":"ListItem","position":3,"name":"Repr\u00e9sentants en services financiers chevronn\u00e9s","item":"https:\/\/edwardjones.cert.xcc.smashfly.io\/fr-CA\/domaines-de-carriere\/representants-en-services-financiers-chevronnes\/"},{"@type":"ListItem","position":4,"name":"Produits et services"}]},{"@type":"WebSite","@id":"https:\/\/edwardjones.cert.xcc.smashfly.io\/#website","url":"https:\/\/edwardjones.cert.xcc.smashfly.io\/","name":"Edward Jones","description":"ibee Demo Site","potentialAction":[{"@type":"SearchAction","target":{"@type":"EntryPoint","urlTemplate":"https:\/\/edwardjones.cert.xcc.smashfly.io\/?s={search_term_string}"},"query-input":"required name=search_term_string"}],"inLanguage":"fr-CA"}]}},"pgc_meta":"","_links":{"self":[{"href":"https:\/\/edwardjones.cert.xcc.smashfly.io\/fr-CA\/wp-json\/wp\/v2\/pages\/19367","targetHints":{"allow":["GET"]}}],"collection":[{"href":"https:\/\/edwardjones.cert.xcc.smashfly.io\/fr-CA\/wp-json\/wp\/v2\/pages"}],"about":[{"href":"https:\/\/edwardjones.cert.xcc.smashfly.io\/fr-CA\/wp-json\/wp\/v2\/types\/page"}],"author":[{"embeddable":true,"href":"https:\/\/edwardjones.cert.xcc.smashfly.io\/fr-CA\/wp-json\/wp\/v2\/users\/1415"}],"replies":[{"embeddable":true,"href":"https:\/\/edwardjones.cert.xcc.smashfly.io\/fr-CA\/wp-json\/wp\/v2\/comments?post=19367"}],"version-history":[{"count":0,"href":"https:\/\/edwardjones.cert.xcc.smashfly.io\/fr-CA\/wp-json\/wp\/v2\/pages\/19367\/revisions"}],"up":[{"embeddable":true,"href":"https:\/\/edwardjones.cert.xcc.smashfly.io\/fr-CA\/wp-json\/wp\/v2\/pages\/19291"}],"wp:attachment":[{"href":"https:\/\/edwardjones.cert.xcc.smashfly.io\/fr-CA\/wp-json\/wp\/v2\/media?parent=19367"}],"wp:term":[{"taxonomy":"persona","embeddable":true,"href":"https:\/\/edwardjones.cert.xcc.smashfly.io\/fr-CA\/wp-json\/wp\/v2\/persona?post=19367"}],"curies":[{"name":"wp","href":"https:\/\/api.w.org\/{rel}","templated":true}]}}