{"id":19426,"date":"2021-01-03T17:01:37","date_gmt":"2021-01-03T17:01:37","guid":{"rendered":"https:\/\/careers.edwardjones.com\/?page_id=19426"},"modified":"2021-02-05T18:53:59","modified_gmt":"2021-02-05T18:53:59","slug":"blogue","status":"publish","type":"page","link":"https:\/\/edwardjones.cert.xcc.smashfly.io\/fr-CA\/blogue\/","title":{"rendered":"Blogue"},"content":{"rendered":"<\/div><\/div><\/div><!-- close content main div --><\/div><\/div><div id='av_section_1' class='avia-section main_color avia-section-no-padding avia-no-border-styling avia-bg-style-scroll  breadcrumb-section minht0 pb40 container_wrap fullsize'   ><div class='container' ><div class='template-page content  av-content-full alpha units'><div class='post-entry post-entry-type-page post-entry-19426'><div class='entry-content-wrapper clearfix'>\n<section class=\"av_textblock_section\"  itemscope=\"itemscope\" itemtype=\"https:\/\/schema.org\/CreativeWork\" ><div class='avia_textblock '   itemprop=\"text\" ><div class=\"breadcrumb breadcrumbs avia-breadcrumbs\"><div class=\"breadcrumb-trail\" ><a href=\"https:\/\/edwardjones.cert.xcc.smashfly.io\/fr-CA\/\" title=\"Edward Jones\" rel=\"home\" class=\"trail-begin\">Home<\/a><\/div><\/div>\n<\/div><\/section>\n\n<\/div><\/div><\/div><!-- close content main div --><\/div><\/div><div id='av_section_2' class='avia-section main_color avia-section-no-padding avia-no-border-styling avia-bg-style-scroll  banner-text banner-text-blog container_wrap fullsize'   ><div class='container' ><div class='template-page content  av-content-full alpha units'><div class='post-entry post-entry-type-page post-entry-19426'><div class='entry-content-wrapper clearfix'>\n<section class=\"av_textblock_section\"  itemscope=\"itemscope\" itemtype=\"https:\/\/schema.org\/CreativeWork\" ><div class='avia_textblock pt40 pb40 align-center'   itemprop=\"text\" ><h1 class=\"pb10\">Valeurs et points de vue<\/h1>\n<p>Nous pourrions vous faire part de la raison pour laquelle, selon nous, notre mod\u00e8le d\u2019affaires unique et notre culture ax\u00e9e sur la collaboration font d\u2019Edward Jones un excellent milieu de travail o\u00f9 b\u00e2tir une carri\u00e8re enrichissante; mais nos associ\u00e9s l\u2019expliquent beaucoup mieux que nous.<\/p>\n<h2 style=\"display: none;\">Blogs<\/h2>\n<div class=\"blog-filter-form\"><form data-sf-form-id='19434' data-is-rtl='0' data-maintain-state='' data-results-url='https:\/\/careers.edwardjones.com\/fr-CA\/blogue\/' data-ajax-form-url='https:\/\/edwardjones.cert.xcc.smashfly.io\/fr-CA\/?sfid=19434&amp;sf_action=get_data&amp;sf_data=form' data-display-result-method='custom' data-use-history-api='1' data-template-loaded='0' data-lang-code='fr-CA' data-ajax='0' data-init-paged='1' data-auto-update='' action='https:\/\/careers.edwardjones.com\/fr-CA\/blogue\/' method='post' class='searchandfilter' id='search-filter-form-19434' autocomplete='off' data-instance-count='1'><ul><li class=\"sf-field-category\" data-sf-field-name=\"_sft_category\" data-sf-field-type=\"category\" data-sf-field-input-type=\"select\">\t\t<label>\r\n\t\t<span class=\"screen-reader-text\">Filtrer les publications par cat\u00e9gorie<\/span>\t\t<select name=\"_sft_category[]\" class=\"sf-input-select\" title=\"Filtrer les publications par cat\u00e9gorie\">\r\n\t\t\t\r\n\t\t\t\t\t\t<option class=\"sf-level-0 sf-item-0 sf-option-active\" selected=\"selected\" data-sf-count=\"0\" data-sf-depth=\"0\" value=\"\">Toutes<\/option>\r\n\t\t\t\t\t\t<option class=\"sf-level-0 sf-item-3965\" data-sf-count=\"1\" data-sf-depth=\"0\" value=\"diversity-equity-inclusion-fr-ca\">Diversity, Equity &amp; Inclusion&nbsp;&nbsp;(1)<\/option>\r\n\t\t\t\t\t\t<option class=\"sf-level-0 sf-item-3967\" data-sf-count=\"2\" data-sf-depth=\"0\" value=\"in-the-news-fr-ca\">In the News&nbsp;&nbsp;(2)<\/option>\r\n\t\t\t\t\t\t<option class=\"sf-level-0 sf-item-3660\" data-sf-count=\"12\" data-sf-depth=\"0\" value=\"nouveaux-representants-en-services-financiers\">Nouveaux repr\u00e9sentants en services financiers&nbsp;&nbsp;(12)<\/option>\r\n\t\t\t\t\t\t<option class=\"sf-level-0 sf-item-3657\" data-sf-count=\"10\" data-sf-depth=\"0\" value=\"prix-et-distinctions\">Prix et distinctions&nbsp;&nbsp;(10)<\/option>\r\n\t\t\t\t\t\t<option class=\"sf-level-0 sf-item-3658\" data-sf-count=\"14\" data-sf-depth=\"0\" value=\"representant-en-services-financiers-chevronne\">Repr\u00e9sentant en services financiers chevronn\u00e9&nbsp;&nbsp;(14)<\/option>\r\n\t\t\t\t\t<\/select>\r\n\t\t<\/label>\t\t<\/li><li class=\"sf-field-submit\" data-sf-field-name=\"submit\" data-sf-field-type=\"submit\" data-sf-field-input-type=\"\"><input type=\"submit\" name=\"_sf_submit\" value=\"Filtrer les publications\"><\/li><\/ul><\/form><\/div>\n<\/div><\/section>\n<\/div><\/div><\/div><!-- close content main div --><\/div><\/div><div id='av_section_3' class='avia-section main_color avia-section-no-padding avia-no-border-styling avia-bg-style-scroll  pt60 pb130 blog-results-section container_wrap fullsize'   ><div class='container' ><div class='template-page content  av-content-full alpha units'><div class='post-entry post-entry-type-page post-entry-19426'><div class='entry-content-wrapper clearfix'>\n<section class=\"av_textblock_section\"  itemscope=\"itemscope\" itemtype=\"https:\/\/schema.org\/CreativeWork\" ><div class='avia_textblock '   itemprop=\"text\" ><p>        <div data-options='{&quot;id&quot;:&quot;9147&quot;,&quot;lazy_load&quot;:&quot;no&quot;,&quot;masonry_enable&quot;:&quot;no&quot;,&quot;view_type&quot;:&quot;grid&quot;,&quot;no_posts_text&quot;:&quot;&quot;}' id=\"post-grid-9147\" class=\"post-grid grid\">\r\n                <div class=\"grid-items\">\r\n            <div class=\"item item-31841 skin flat even 0 \">\r\n                <div class=\"layer-wrapper layout-9192\">\r\n                <div class=\"element element_1596729408376  categories \">\r\n        <a target=\"_blank\" href=\"https:\/\/edwardjones.cert.xcc.smashfly.io\/fr-CA\/blog\/category\/in-the-news-fr-ca\/\">In the News<\/a><a target=\"_blank\" href=\"https:\/\/edwardjones.cert.xcc.smashfly.io\/fr-CA\/blog\/category\/prix-et-distinctions\/\">Prix et distinctions<\/a>    <\/div>\r\n    <div class=\"element element_1596730024819  title \">\r\n                    <a target=\"_blank\" href=\"https:\/\/edwardjones.cert.xcc.smashfly.io\/fr-CA\/blog\/edward-jones-2024-named-one-of-the-world-most-admired-companies\/\">Edward Jones est d\u00e9sign\u00e9e comme \u00e9tant l\u2019une des soci\u00e9t\u00e9s les plus admir\u00e9es au monde<\/a>\r\n\r\n        \r\n\r\n    <\/div>\r\n        <\/div>\r\n    <\/div><div class=\"item item-30783 skin flat odd 1 \">\r\n                <div class=\"layer-wrapper layout-9192\">\r\n                <div class=\"element element_1596729408376  categories \">\r\n        <a target=\"_blank\" href=\"https:\/\/edwardjones.cert.xcc.smashfly.io\/fr-CA\/blog\/category\/representant-en-services-financiers-chevronne\/\">Repr\u00e9sentant en services financiers chevronn\u00e9<\/a>    <\/div>\r\n    <div class=\"element element_1596730024819  title \">\r\n                    <a target=\"_blank\" href=\"https:\/\/edwardjones.cert.xcc.smashfly.io\/fr-CA\/blog\/une-carriere-le-domaine-financier\/\">Construire une carri\u00e8re dans le domaine financier chez Edward Jones<\/a>\r\n\r\n        \r\n\r\n    <\/div>\r\n        <\/div>\r\n    <\/div><div class=\"item item-30590 skin flat even 2 \">\r\n                <div class=\"layer-wrapper layout-9192\">\r\n                <div class=\"element element_1596729408376  categories \">\r\n        <a target=\"_blank\" href=\"https:\/\/edwardjones.cert.xcc.smashfly.io\/fr-CA\/blog\/category\/in-the-news-fr-ca\/\">In the News<\/a><a target=\"_blank\" href=\"https:\/\/edwardjones.cert.xcc.smashfly.io\/fr-CA\/blog\/category\/prix-et-distinctions\/\">Prix et distinctions<\/a>    <\/div>\r\n    <div class=\"element element_1596730024819  title \">\r\n                    <a target=\"_blank\" href=\"https:\/\/edwardjones.cert.xcc.smashfly.io\/fr-CA\/blog\/edward-jones-a-ete-nomme-au-la-liste-companies-that-care-2023-de-people\/\">Edward Jones se classe au 6e rang de la liste Companies That Care 2023 de PEOPLE<\/a>\r\n\r\n        \r\n\r\n    <\/div>\r\n        <\/div>\r\n    <\/div><div class=\"item item-28180 skin flat odd 3 \">\r\n                <div class=\"layer-wrapper layout-9192\">\r\n                <div class=\"element element_1596729408376  categories \">\r\n        <a target=\"_blank\" href=\"https:\/\/edwardjones.cert.xcc.smashfly.io\/en-CA\/blog\/category\/experienced-financial-advisor-en-ca\/\">Experienced Financial Advisor<\/a><a target=\"_blank\" href=\"https:\/\/edwardjones.cert.xcc.smashfly.io\/fr-CA\/blog\/category\/prix-et-distinctions\/\">Prix et distinctions<\/a>    <\/div>\r\n    <div class=\"element element_1596730024819  title \">\r\n                    <a target=\"_blank\" href=\"https:\/\/edwardjones.cert.xcc.smashfly.io\/fr-CA\/blog\/5-star-brokerage-award\/\">Prix de courtage 5 Star, 2023<\/a>\r\n\r\n        \r\n\r\n    <\/div>\r\n        <\/div>\r\n    <\/div><div class=\"item item-30497 skin flat even 4 \">\r\n                <div class=\"layer-wrapper layout-9192\">\r\n                <div class=\"element element_1596729408376  categories \">\r\n        <a target=\"_blank\" href=\"https:\/\/edwardjones.cert.xcc.smashfly.io\/fr-CA\/blog\/category\/nouveaux-representants-en-services-financiers\/\">Nouveaux repr\u00e9sentants en services financiers<\/a><a target=\"_blank\" href=\"https:\/\/edwardjones.cert.xcc.smashfly.io\/fr-CA\/blog\/category\/prix-et-distinctions\/\">Prix et distinctions<\/a>    <\/div>\r\n    <div class=\"element element_1596730024819  title \">\r\n                    <a target=\"_blank\" href=\"https:\/\/edwardjones.cert.xcc.smashfly.io\/fr-CA\/blog\/edward-jones-reconnu-pour-son-programme-de-formation-exceptionnel\/\">Edward Jones reconnu pour son programme de formation exceptionnel<\/a>\r\n\r\n        \r\n\r\n    <\/div>\r\n        <\/div>\r\n    <\/div><div class=\"item item-27474 skin flat odd 5 \">\r\n                <div class=\"layer-wrapper layout-9192\">\r\n                <div class=\"element element_1596729408376  categories \">\r\n        <a target=\"_blank\" href=\"https:\/\/edwardjones.cert.xcc.smashfly.io\/fr-CA\/blog\/category\/prix-et-distinctions\/\">Prix et distinctions<\/a>    <\/div>\r\n    <div class=\"element element_1596730024819  title \">\r\n                    <a target=\"_blank\" href=\"https:\/\/edwardjones.cert.xcc.smashfly.io\/fr-CA\/blog\/edward-jones-a-ete-nomme-au-palmares-des-meilleurs-employeurs-au-canada\/\">Edward Jones a \u00e9t\u00e9 nomm\u00e9 au palmar\u00e8s des meilleurs employeurs au Canada pour 2023<\/a>\r\n\r\n        \r\n\r\n    <\/div>\r\n        <\/div>\r\n    <\/div><div class=\"item item-30586 skin flat even 6 \">\r\n                <div class=\"layer-wrapper layout-9192\">\r\n                <div class=\"element element_1596729408376  categories \">\r\n        <a target=\"_blank\" href=\"https:\/\/edwardjones.cert.xcc.smashfly.io\/fr-CA\/blog\/category\/diversity-equity-inclusion-fr-ca\/\">Diversity, Equity &amp; Inclusion<\/a><a target=\"_blank\" href=\"https:\/\/edwardjones.cert.xcc.smashfly.io\/fr-CA\/blog\/category\/nouveaux-representants-en-services-financiers\/\">Nouveaux repr\u00e9sentants en services financiers<\/a>    <\/div>\r\n    <div class=\"element element_1596730024819  title \">\r\n                    <a target=\"_blank\" href=\"https:\/\/edwardjones.cert.xcc.smashfly.io\/fr-CA\/blog\/le-mentorat-favorise-la-reussite-de-conseillers-en-investissement-issus-de-la-diversite-a-edward-jones\/\">Le mentorat favorise la r\u00e9ussite de conseillers en investissement issus de la diversit\u00e9 \u00e0 Edward Jones<\/a>\r\n\r\n        \r\n\r\n    <\/div>\r\n        <\/div>\r\n    <\/div><div class=\"item item-30613 skin flat odd 7 \">\r\n                <div class=\"layer-wrapper layout-9192\">\r\n                <div class=\"element element_1596729408376  categories \">\r\n        <a target=\"_blank\" href=\"https:\/\/edwardjones.cert.xcc.smashfly.io\/fr-CA\/blog\/category\/prix-et-distinctions\/\">Prix et distinctions<\/a>    <\/div>\r\n    <div class=\"element element_1596730024819  title \">\r\n                    <a target=\"_blank\" href=\"https:\/\/edwardjones.cert.xcc.smashfly.io\/fr-CA\/blog\/edward-jones-named-top-workplaces-millennials\/\">Edward Jones a \u00e9t\u00e9 nomm\u00e9 une des meilleures soci\u00e9t\u00e9s o\u00f9 travailler pour les mill\u00e9nariaux<\/a>\r\n\r\n        \r\n\r\n    <\/div>\r\n        <\/div>\r\n    <\/div><div class=\"item item-30621 skin flat even 8 \">\r\n                <div class=\"layer-wrapper layout-9192\">\r\n                <div class=\"element element_1596729408376  categories \">\r\n        <a target=\"_blank\" href=\"https:\/\/edwardjones.cert.xcc.smashfly.io\/fr-CA\/blog\/category\/nouveaux-representants-en-services-financiers\/\">Nouveaux repr\u00e9sentants en services financiers<\/a>    <\/div>\r\n    <div class=\"element element_1596730024819  title \">\r\n                    <a target=\"_blank\" href=\"https:\/\/edwardjones.cert.xcc.smashfly.io\/fr-CA\/blog\/ce-nest-pas-une-question-d-equilibre-il-sagit-de-le-integration-de-la-vie-professionnelle-et-de-la-vie-privee\/\">Ce n\u2019est pas une question d\u2019\u00e9quilibre. Il s\u2019agit de l\u2019int\u00e9gration de la vie professionnelle et de la vie priv\u00e9e.<\/a>\r\n\r\n        \r\n\r\n    <\/div>\r\n        <\/div>\r\n    <\/div>        <\/div>\r\n        <div class=\"pagination\">\r\n            <div class=\"paginate\">\r\n        <span aria-current=\"page\" class=\"page-numbers current\" role=\"button\" tabindex=\"0\" aria-label=\"1 (Page 1 of 4)\">1<\/span>\n<a class=\"page-numbers\" aria-label=\"2 (Page 2 of 4)\" href=\"https:\/\/careers.edwardjones.com\/fr-CA\/blogue\/?sf_paged=2\">2<\/a>\n<a class=\"page-numbers\" aria-label=\"3 (Page 3 of 4)\" href=\"https:\/\/careers.edwardjones.com\/fr-CA\/blogue\/?sf_paged=3\">3<\/a>\n<a class=\"page-numbers\" aria-label=\"4 (Page 4 of 4)\" href=\"https:\/\/careers.edwardjones.com\/fr-CA\/blogue\/?sf_paged=4\">4<\/a>\n<a class=\"next page-numbers\" aria-label=\"Next Page\" href=\"https:\/\/careers.edwardjones.com\/fr-CA\/blogue\/?sf_paged=2\">Next<\/a>    <\/div>\r\n    <style type=\"text\/css\">\r\n        #post-grid-9147 .pagination .page-numbers {\r\n            font-size: 16px;\r\n            color: #fff;\r\n            background: #646464;\r\n        }\r\n        #post-grid-9147 .pagination .page-numbers:hover,\r\n        #post-grid-9147 .pagination .page-numbers.current {\r\n            background: #4b4b4b;\r\n        }\r\n    <\/style>\r\n    <\/div>\r\n    <style type=\"text\/css\">\r\n        .layout-9192 .element_1596729408376 {\r\n            text-align: left;\r\n                    }\r\n\r\n        .layout-9192 .element_1596729408376 a {\r\n                    }\r\n\r\n            <\/style>\r\n    <style type=\"text\/css\">\r\n        .layout-9192 .element_1596730024819 {\r\n            font-size: 20px;\r\n            margin: 10px 0;\r\n            text-align: left;\r\n                    }\r\n\r\n        .layout-9192 .element_1596730024819 a {\r\n            font-size: 20px;\r\n            margin: 10px 0;\r\n            text-align: left;\r\n                    }\r\n    <\/style>\r\n    <style type=\"text\/css\">\r\n        .layout-9192 .element_1596729847071 {\r\n            overflow: hidden;\r\n                    }\r\n\r\n        .layout-9192 .element_1596729847071 img {\r\n            max-width: 100%;\r\n            height: auto;\r\n        }\r\n\r\n        @media only screen and (min-width: 1024px) {\r\n            .layout-9192 .element_1596729847071 {\r\n                            }\r\n        }\r\n\r\n        @media only screen and (min-width: 768px) and (max-width: 1023px) {\r\n            .layout-9192 .element_1596729847071 {\r\n                            }\r\n        }\r\n\r\n        @media only screen and (min-width: 0px) and (max-width: 767px) {\r\n            .layout-9192 .element_1596729847071 {\r\n                            }\r\n        }\r\n    <\/style>\r\n    \r\n\r\n        <script>\r\n            $(\".blog-results-section .grid-items .item\").each(function() { \r\n      $(this).find('a').attr('target','_self');\r\n});        <\/script>\r\n        <style type=\"text\/css\">\r\n        #post-grid-9147 {\r\n            padding: 10px;\r\n                    }\r\n        #post-grid-9147 .item {\r\n            padding: 0px;\r\n            background: #fff;\r\n                    }\r\n        #post-grid-9147 .item .layer-media {\r\n            height:auto;        }\r\n        @media only screen and (min-width: 0px) and (max-width: 767px) {\r\n            #post-grid-9147 .grid-items {\r\n                text-align: center;\r\n                            }\r\n            #post-grid-9147 .item {\r\n                width: 90%;\r\n                margin: 10px;\r\n                display: inline-block;\r\n                vertical-align: top;\r\n                height:auto;            }\r\n        }\r\n        @media only screen and (min-width: 768px) and (max-width: 1023px) {\r\n            #post-grid-9147 .grid-items {\r\n                 text-align: center;\r\n                            }\r\n            #post-grid-9147 .item {\r\n                width: 280px;\r\n                margin: 10px;\r\n                display: inline-block;\r\n                vertical-align: top;\r\n                max-height:auto;            }\r\n        }\r\n        @media only screen and (min-width: 1024px) {\r\n            #post-grid-9147 .grid-items {\r\n                text-align: center;\r\n                            }\r\n            #post-grid-9147 .item {\r\n                width: 388px;\r\n                display: inline-block;\r\n                margin: 10px;\r\n                vertical-align: top;\r\n                height:auto;            }\r\n        }\r\n            <\/style>\r\n    <\/div>\r\n<\/p>\n<\/div><\/section>\n<\/p>\n","protected":false},"excerpt":{"rendered":"","protected":false},"author":423,"featured_media":0,"parent":0,"menu_order":0,"comment_status":"closed","ping_status":"closed","template":"","meta":{"pgc_meta":"","footnotes":""},"persona":[],"class_list":["post-19426","page","type-page","status-publish","hentry"],"yoast_head":"<!-- This site is optimized with the Yoast SEO Premium plugin v22.8 (Yoast SEO v22.8) - https:\/\/yoast.com\/wordpress\/plugins\/seo\/ -->\n<title>Billets de blogue sur des points de vue ou des informations au sujet d\u2019Edward Jones<\/title>\n<meta name=\"description\" content=\"\u00cates-vous pr\u00eat \u00e0 donner une nouvelle direction \u00e0 votre carri\u00e8re? Obtenez des conseils professionnels, des recommandations de recruteurs, des nouvelles sur les emplois et plus encore pour vous aider \u00e0 propulser votre carri\u00e8re et \u00e0 exploiter votre potentiel.\" \/>\n<meta name=\"robots\" content=\"noindex, follow, max-snippet:-1, max-image-preview:large, max-video-preview:-1\" \/>\n<meta property=\"og:locale\" content=\"fr_CA\" \/>\n<meta property=\"og:type\" content=\"article\" \/>\n<meta property=\"og:title\" content=\"Blogue\" \/>\n<meta property=\"og:description\" content=\"\u00cates-vous pr\u00eat \u00e0 donner une nouvelle direction \u00e0 votre carri\u00e8re? Obtenez des conseils professionnels, des recommandations de recruteurs, des nouvelles sur les emplois et plus encore pour vous aider \u00e0 propulser votre carri\u00e8re et \u00e0 exploiter votre potentiel.\" \/>\n<meta property=\"og:url\" content=\"https:\/\/edwardjones.cert.xcc.smashfly.io\/fr-CA\/blogue\/\" \/>\n<meta property=\"og:site_name\" content=\"Edward Jones\" \/>\n<meta property=\"article:modified_time\" content=\"2021-02-05T18:53:59+00:00\" \/>\n<meta property=\"og:image\" content=\"https:\/\/edwardjones.cert.xcc.smashfly.io\/wp-content\/uploads\/sites\/1392\/2020\/10\/EdwardJonesCareers-logo-200x200px.jpg\" \/>\n\t<meta property=\"og:image:width\" content=\"200\" \/>\n\t<meta property=\"og:image:height\" content=\"200\" \/>\n\t<meta property=\"og:image:type\" content=\"image\/jpeg\" \/>\n<meta name=\"twitter:label1\" content=\"Estimation du temps de lecture\" \/>\n\t<meta name=\"twitter:data1\" content=\"2 minutes\" \/>\n<script type=\"application\/ld+json\" class=\"yoast-schema-graph\">{\"@context\":\"https:\/\/schema.org\",\"@graph\":[{\"@type\":\"WebPage\",\"@id\":\"https:\/\/edwardjones.cert.xcc.smashfly.io\/fr-CA\/blogue\/\",\"url\":\"https:\/\/edwardjones.cert.xcc.smashfly.io\/fr-CA\/blogue\/\",\"name\":\"Billets de blogue sur des points de vue ou des informations au sujet d\u2019Edward Jones\",\"isPartOf\":{\"@id\":\"https:\/\/edwardjones.cert.xcc.smashfly.io\/#website\"},\"datePublished\":\"2021-01-03T17:01:37+00:00\",\"dateModified\":\"2021-02-05T18:53:59+00:00\",\"description\":\"\u00cates-vous pr\u00eat \u00e0 donner une nouvelle direction \u00e0 votre carri\u00e8re? Obtenez des conseils professionnels, des recommandations de recruteurs, des nouvelles sur les emplois et plus encore pour vous aider \u00e0 propulser votre carri\u00e8re et \u00e0 exploiter votre potentiel.\",\"breadcrumb\":{\"@id\":\"https:\/\/edwardjones.cert.xcc.smashfly.io\/fr-CA\/blogue\/#breadcrumb\"},\"inLanguage\":\"fr-CA\",\"potentialAction\":[{\"@type\":\"ReadAction\",\"target\":[\"https:\/\/edwardjones.cert.xcc.smashfly.io\/fr-CA\/blogue\/\"]}]},{\"@type\":\"BreadcrumbList\",\"@id\":\"https:\/\/edwardjones.cert.xcc.smashfly.io\/fr-CA\/blogue\/#breadcrumb\",\"itemListElement\":[{\"@type\":\"ListItem\",\"position\":1,\"name\":\"Home\",\"item\":\"https:\/\/edwardjones.cert.xcc.smashfly.io\/fr-CA\/\"},{\"@type\":\"ListItem\",\"position\":2,\"name\":\"Blogue\"}]},{\"@type\":\"WebSite\",\"@id\":\"https:\/\/edwardjones.cert.xcc.smashfly.io\/#website\",\"url\":\"https:\/\/edwardjones.cert.xcc.smashfly.io\/\",\"name\":\"Edward Jones\",\"description\":\"ibee Demo Site\",\"potentialAction\":[{\"@type\":\"SearchAction\",\"target\":{\"@type\":\"EntryPoint\",\"urlTemplate\":\"https:\/\/edwardjones.cert.xcc.smashfly.io\/?s={search_term_string}\"},\"query-input\":\"required name=search_term_string\"}],\"inLanguage\":\"fr-CA\"}]}<\/script>\n<!-- \/ Yoast SEO Premium plugin. -->","yoast_head_json":{"title":"Billets de blogue sur des points de vue ou des informations au sujet d\u2019Edward Jones","description":"\u00cates-vous pr\u00eat \u00e0 donner une nouvelle direction \u00e0 votre carri\u00e8re? Obtenez des conseils professionnels, des recommandations de recruteurs, des nouvelles sur les emplois et plus encore pour vous aider \u00e0 propulser votre carri\u00e8re et \u00e0 exploiter votre potentiel.","robots":{"index":"noindex","follow":"follow","max-snippet":"max-snippet:-1","max-image-preview":"max-image-preview:large","max-video-preview":"max-video-preview:-1"},"og_locale":"fr_CA","og_type":"article","og_title":"Blogue","og_description":"\u00cates-vous pr\u00eat \u00e0 donner une nouvelle direction \u00e0 votre carri\u00e8re? Obtenez des conseils professionnels, des recommandations de recruteurs, des nouvelles sur les emplois et plus encore pour vous aider \u00e0 propulser votre carri\u00e8re et \u00e0 exploiter votre potentiel.","og_url":"https:\/\/edwardjones.cert.xcc.smashfly.io\/fr-CA\/blogue\/","og_site_name":"Edward Jones","article_modified_time":"2021-02-05T18:53:59+00:00","og_image":[{"width":200,"height":200,"url":"https:\/\/edwardjones.cert.xcc.smashfly.io\/wp-content\/uploads\/sites\/1392\/2020\/10\/EdwardJonesCareers-logo-200x200px.jpg","type":"image\/jpeg"}],"twitter_misc":{"Estimation du temps de lecture":"2 minutes"},"schema":{"@context":"https:\/\/schema.org","@graph":[{"@type":"WebPage","@id":"https:\/\/edwardjones.cert.xcc.smashfly.io\/fr-CA\/blogue\/","url":"https:\/\/edwardjones.cert.xcc.smashfly.io\/fr-CA\/blogue\/","name":"Billets de blogue sur des points de vue ou des informations au sujet d\u2019Edward Jones","isPartOf":{"@id":"https:\/\/edwardjones.cert.xcc.smashfly.io\/#website"},"datePublished":"2021-01-03T17:01:37+00:00","dateModified":"2021-02-05T18:53:59+00:00","description":"\u00cates-vous pr\u00eat \u00e0 donner une nouvelle direction \u00e0 votre carri\u00e8re? Obtenez des conseils professionnels, des recommandations de recruteurs, des nouvelles sur les emplois et plus encore pour vous aider \u00e0 propulser votre carri\u00e8re et \u00e0 exploiter votre potentiel.","breadcrumb":{"@id":"https:\/\/edwardjones.cert.xcc.smashfly.io\/fr-CA\/blogue\/#breadcrumb"},"inLanguage":"fr-CA","potentialAction":[{"@type":"ReadAction","target":["https:\/\/edwardjones.cert.xcc.smashfly.io\/fr-CA\/blogue\/"]}]},{"@type":"BreadcrumbList","@id":"https:\/\/edwardjones.cert.xcc.smashfly.io\/fr-CA\/blogue\/#breadcrumb","itemListElement":[{"@type":"ListItem","position":1,"name":"Home","item":"https:\/\/edwardjones.cert.xcc.smashfly.io\/fr-CA\/"},{"@type":"ListItem","position":2,"name":"Blogue"}]},{"@type":"WebSite","@id":"https:\/\/edwardjones.cert.xcc.smashfly.io\/#website","url":"https:\/\/edwardjones.cert.xcc.smashfly.io\/","name":"Edward Jones","description":"ibee Demo Site","potentialAction":[{"@type":"SearchAction","target":{"@type":"EntryPoint","urlTemplate":"https:\/\/edwardjones.cert.xcc.smashfly.io\/?s={search_term_string}"},"query-input":"required name=search_term_string"}],"inLanguage":"fr-CA"}]}},"pgc_meta":"","_links":{"self":[{"href":"https:\/\/edwardjones.cert.xcc.smashfly.io\/fr-CA\/wp-json\/wp\/v2\/pages\/19426","targetHints":{"allow":["GET"]}}],"collection":[{"href":"https:\/\/edwardjones.cert.xcc.smashfly.io\/fr-CA\/wp-json\/wp\/v2\/pages"}],"about":[{"href":"https:\/\/edwardjones.cert.xcc.smashfly.io\/fr-CA\/wp-json\/wp\/v2\/types\/page"}],"author":[{"embeddable":true,"href":"https:\/\/edwardjones.cert.xcc.smashfly.io\/fr-CA\/wp-json\/wp\/v2\/users\/423"}],"replies":[{"embeddable":true,"href":"https:\/\/edwardjones.cert.xcc.smashfly.io\/fr-CA\/wp-json\/wp\/v2\/comments?post=19426"}],"version-history":[{"count":0,"href":"https:\/\/edwardjones.cert.xcc.smashfly.io\/fr-CA\/wp-json\/wp\/v2\/pages\/19426\/revisions"}],"wp:attachment":[{"href":"https:\/\/edwardjones.cert.xcc.smashfly.io\/fr-CA\/wp-json\/wp\/v2\/media?parent=19426"}],"wp:term":[{"taxonomy":"persona","embeddable":true,"href":"https:\/\/edwardjones.cert.xcc.smashfly.io\/fr-CA\/wp-json\/wp\/v2\/persona?post=19426"}],"curies":[{"name":"wp","href":"https:\/\/api.w.org\/{rel}","templated":true}]}}