{"id":20059,"date":"2021-01-11T13:37:09","date_gmt":"2021-01-11T13:37:09","guid":{"rendered":"https:\/\/careers.edwardjones.com\/?page_id=20059"},"modified":"2024-04-08T05:21:11","modified_gmt":"2024-04-08T05:21:11","slug":"nous-joindre","status":"publish","type":"page","link":"https:\/\/edwardjones.cert.xcc.smashfly.io\/fr-CA\/nous-joindre\/","title":{"rendered":"Nous joindre"},"content":{"rendered":"<\/div><\/div><\/div><!-- close content main div --><\/div><\/div><div id='av_section_1' class='avia-section main_color avia-section-no-padding avia-no-border-styling avia-bg-style-scroll  banner-text container_wrap fullsize'   ><div class='container' ><div class='template-page content  av-content-full alpha units'><div class='post-entry post-entry-type-page post-entry-20059'><div class='entry-content-wrapper clearfix'>\n<section class=\"av_textblock_section\"  itemscope=\"itemscope\" itemtype=\"https:\/\/schema.org\/CreativeWork\" ><div class='avia_textblock pt70 pb70'   itemprop=\"text\" ><h1>Nous joindre<\/h1>\n<\/div><\/section>\n\n<\/div><\/div><\/div><!-- close content main div --><\/div><\/div><div id='av_section_2' class='avia-section main_color avia-section-no-padding avia-no-border-styling avia-bg-style-scroll  pt50 pb100 contact-form-section container_wrap fullsize'   ><div class='container' ><div class='template-page content  av-content-full alpha units'><div class='post-entry post-entry-type-page post-entry-20059'><div class='entry-content-wrapper clearfix'>\n<section class=\"av_textblock_section\"  itemscope=\"itemscope\" itemtype=\"https:\/\/schema.org\/CreativeWork\" ><div class='avia_textblock h2fs28 h2fw600 contact-us-let-us'   itemprop=\"text\" ><h2>Laissez-nous vous aider \u00e0 faire passer votre carri\u00e8re au niveau sup\u00e9rieur<\/h2>\n<p>Si vous \u00eates pr\u00eat \u00e0 commencer, nous sommes pr\u00eats \u00e0 vous montrer la voie \u00e0 suivre. Il suffit de remplir et de soumettre ce formulaire. Nous communiquerons ensuite avec vous au sujet des prochaines \u00e9tapes \u00e0 suivre chez Edward Jones.<\/p>\n<\/div><\/section>\n<section class=\"av_textblock_section\"  itemscope=\"itemscope\" itemtype=\"https:\/\/schema.org\/CreativeWork\" ><div class='avia_textblock '   itemprop=\"text\" ><script type=\"text\/javascript\">var gform;gform||(document.addEventListener(\"gform_main_scripts_loaded\",function(){gform.scriptsLoaded=!0}),document.addEventListener(\"gform\/theme\/scripts_loaded\",function(){gform.themeScriptsLoaded=!0}),window.addEventListener(\"DOMContentLoaded\",function(){gform.domLoaded=!0}),gform={domLoaded:!1,scriptsLoaded:!1,themeScriptsLoaded:!1,isFormEditor:()=>\"function\"==typeof InitializeEditor,callIfLoaded:function(o){return!(!gform.domLoaded||!gform.scriptsLoaded||!gform.themeScriptsLoaded&&!gform.isFormEditor()||(gform.isFormEditor()&&console.warn(\"The use of gform.initializeOnLoaded() is deprecated in the form editor context and will be removed in Gravity Forms 3.1.\"),o(),0))},initializeOnLoaded:function(o){gform.callIfLoaded(o)||(document.addEventListener(\"gform_main_scripts_loaded\",()=>{gform.scriptsLoaded=!0,gform.callIfLoaded(o)}),document.addEventListener(\"gform\/theme\/scripts_loaded\",()=>{gform.themeScriptsLoaded=!0,gform.callIfLoaded(o)}),window.addEventListener(\"DOMContentLoaded\",()=>{gform.domLoaded=!0,gform.callIfLoaded(o)}))},hooks:{action:{},filter:{}},addAction:function(o,r,e,t){gform.addHook(\"action\",o,r,e,t)},addFilter:function(o,r,e,t){gform.addHook(\"filter\",o,r,e,t)},doAction:function(o){gform.doHook(\"action\",o,arguments)},applyFilters:function(o){return gform.doHook(\"filter\",o,arguments)},removeAction:function(o,r){gform.removeHook(\"action\",o,r)},removeFilter:function(o,r,e){gform.removeHook(\"filter\",o,r,e)},addHook:function(o,r,e,t,n){null==gform.hooks[o][r]&&(gform.hooks[o][r]=[]);var d=gform.hooks[o][r];null==n&&(n=r+\"_\"+d.length),gform.hooks[o][r].push({tag:n,callable:e,priority:t=null==t?10:t})},doHook:function(r,o,e){var t;if(e=Array.prototype.slice.call(e,1),null!=gform.hooks[r][o]&&((o=gform.hooks[r][o]).sort(function(o,r){return o.priority-r.priority}),o.forEach(function(o){\"function\"!=typeof(t=o.callable)&&(t=window[t]),\"action\"==r?t.apply(null,e):e[0]=t.apply(null,e)})),\"filter\"==r)return e[0]},removeHook:function(o,r,t,n){var e;null!=gform.hooks[o][r]&&(e=(e=gform.hooks[o][r]).filter(function(o,r,e){return!!(null!=n&&n!=o.tag||null!=t&&t!=o.priority)}),gform.hooks[o][r]=e)}});<\/script>\n                <div class='gf_browser_unknown gform_wrapper gform_legacy_markup_wrapper gform-theme--no-framework' data-form-theme='legacy' data-form-index='0' id='gform_wrapper_3' ><form method='post' enctype='multipart\/form-data'  id='gform_3'  action='\/fr-CA\/wp-json\/wp\/v2\/pages\/20059' data-formid='3' novalidate>\n                        <div class='gform-body gform_body'><ul id='gform_fields_3' class='gform_fields top_label form_sublabel_below description_below validation_below'><li id=\"field_3_1\" class=\"gfield gfield--type-text gfield--input-type-text gf_left_half gfield_contains_required field_sublabel_below gfield--no-description field_description_below field_validation_below gfield_visibility_visible\"  data-js-reload=\"field_3_1\" ><label class='gfield_label gform-field-label' for='input_3_1'>Pr\u00e9nom<span class=\"gfield_required\"><span class=\"gfield_required gfield_required_asterisk\"> * <span class='sr-only'> Required<\/span><\/span><\/span><\/label><div class='ginput_container ginput_container_text'><input name='input_1' id='input_3_1' type='text' value='' class='medium'     aria-required=\"true\" aria-invalid=\"false\"   \/><\/div><\/li><li id=\"field_3_2\" class=\"gfield gfield--type-text gfield--input-type-text gf_right_half gfield_contains_required field_sublabel_below gfield--no-description field_description_below field_validation_below gfield_visibility_visible\"  data-js-reload=\"field_3_2\" ><label class='gfield_label gform-field-label' for='input_3_2'>Nom de famille<span class=\"gfield_required\"><span class=\"gfield_required gfield_required_asterisk\"> * <span class='sr-only'> Required<\/span><\/span><\/span><\/label><div class='ginput_container ginput_container_text'><input name='input_2' id='input_3_2' type='text' value='' class='medium'     aria-required=\"true\" aria-invalid=\"false\"   \/><\/div><\/li><li id=\"field_3_4\" class=\"gfield gfield--type-email gfield--input-type-email gf_left_half gfield_contains_required field_sublabel_below gfield--no-description field_description_below field_validation_below gfield_visibility_visible\"  data-js-reload=\"field_3_4\" ><label class='gfield_label gform-field-label' for='input_3_4'>Adresse courriel<span class=\"gfield_required\"><span class=\"gfield_required gfield_required_asterisk\"> * <span class='sr-only'> Required<\/span><\/span><\/span><\/label><div class='ginput_container ginput_container_email'>\n                            <input name='input_4' id='input_3_4' type='email' value='' class='medium'    aria-required=\"true\" aria-invalid=\"false\"  \/>\n                        <\/div><\/li><li id=\"field_3_5\" class=\"gfield gfield--type-phone gfield--input-type-phone gf_right_half gfield_contains_required field_sublabel_below gfield--no-description field_description_below field_validation_below gfield_visibility_visible\"  data-js-reload=\"field_3_5\" ><label class='gfield_label gform-field-label' for='input_3_5'>T\u00e9l\u00e9phone<span class=\"gfield_required\"><span class=\"gfield_required gfield_required_asterisk\"> * <span class='sr-only'> Required<\/span><\/span><\/span><\/label><div class='ginput_container ginput_container_phone'><input name='input_5' id='input_3_5' type='tel' value='' class='medium'   aria-required=\"true\" aria-invalid=\"false\"   \/><\/div><\/li><li id=\"field_3_7\" class=\"gfield gfield--type-select gfield--input-type-select gf_left_half gfield_contains_required field_sublabel_below gfield--no-description field_description_below field_validation_below gfield_visibility_visible\"  data-js-reload=\"field_3_7\" ><label class='gfield_label gform-field-label' for='input_3_7'>J\u2019ai une question ou un commentaire au sujet de :<span class=\"gfield_required\"><span class=\"gfield_required gfield_required_asterisk\"> * <span class='sr-only'> Required<\/span><\/span><\/span><\/label><div class='ginput_container ginput_container_select'><select name='input_7' id='input_3_7' class='medium gfield_select'    aria-required=\"true\" aria-invalid=\"false\" ><option value='' ><\/option><option value='devenir un repr\u00e9sentant en services financiers' >devenir un repr\u00e9sentant en services financiers<\/option><option value='devenir un administrateur de succursale' >devenir un administrateur de succursale<\/option><option value='un poste au sein du si\u00e8ge social d\u2019Edward Jones' >un poste au sein du si\u00e8ge social d\u2019Edward Jones<\/option><\/select><\/div><\/li><li id=\"field_3_8\" class=\"gfield gfield--type-textarea gfield--input-type-textarea gfield_contains_required field_sublabel_below gfield--no-description field_description_below field_validation_below gfield_visibility_visible\"  data-js-reload=\"field_3_8\" ><label class='gfield_label gform-field-label' for='input_3_8'>Tapez votre message<span class=\"gfield_required\"><span class=\"gfield_required gfield_required_asterisk\"> * <span class='sr-only'> Required<\/span><\/span><\/span><\/label><div class='ginput_container ginput_container_textarea'><textarea name='input_8' id='input_3_8' class='textarea medium'     aria-required=\"true\" aria-invalid=\"false\"   rows='10' cols='50'><\/textarea><\/div><\/li><\/ul><\/div>\n        <div class='gform-footer gform_footer top_label'> <input type='submit' id='gform_submit_button_3' class='gform_button button' onclick='gform.submission.handleButtonClick(this);' value='Soumettre'  \/> \n            <input type='hidden' class='gform_hidden' name='gform_submission_method' data-js='gform_submission_method_3' value='postback' \/>\n            <input type='hidden' class='gform_hidden' name='gform_theme' data-js='gform_theme_3' id='gform_theme_3' value='legacy' \/>\n            <input type='hidden' class='gform_hidden' name='gform_style_settings' data-js='gform_style_settings_3' id='gform_style_settings_3' value='' \/>\n            <input type='hidden' class='gform_hidden' name='is_submit_3' value='1' \/>\n            <input type='hidden' class='gform_hidden' name='gform_submit' value='3' \/>\n            \n            <input type='hidden' class='gform_hidden' name='gform_unique_id' value='' \/>\n            <input type='hidden' class='gform_hidden' name='state_3' value='WyJbXSIsIjMyMzg3NDBhMjMyYjVmOTI4MGRlYjlkMjM2YTFlNjQ4Il0=' \/>\n            <input type='hidden' autocomplete='off' class='gform_hidden' name='gform_target_page_number_3' id='gform_target_page_number_3' value='0' \/>\n            <input type='hidden' autocomplete='off' class='gform_hidden' name='gform_source_page_number_3' id='gform_source_page_number_3' value='1' \/>\n            <input type='hidden' name='gform_field_values' value='' \/>\n            \n        <\/div>\n                        <\/form>\n                        <\/div><script type=\"text\/javascript\">\n\/* <![CDATA[ *\/\n gform.initializeOnLoaded( function() {gformInitSpinner( 3, 'https:\/\/edwardjones.cert.xcc.smashfly.io\/wp-content\/plugins\/gravityforms\/images\/spinner.svg', true );jQuery('#gform_ajax_frame_3').on('load',function(){var contents = jQuery(this).contents().find('*').html();var is_postback = contents.indexOf('GF_AJAX_POSTBACK') >= 0;if(!is_postback){return;}var form_content = jQuery(this).contents().find('#gform_wrapper_3');var is_confirmation = jQuery(this).contents().find('#gform_confirmation_wrapper_3').length > 0;var is_redirect = contents.indexOf('gformRedirect(){') >= 0;var is_form = form_content.length > 0 && ! is_redirect && ! is_confirmation;var mt = parseInt(jQuery('html').css('margin-top'), 10) + parseInt(jQuery('body').css('margin-top'), 10) + 100;if(is_form){jQuery('#gform_wrapper_3').html(form_content.html());if(form_content.hasClass('gform_validation_error')){jQuery('#gform_wrapper_3').addClass('gform_validation_error');} else {jQuery('#gform_wrapper_3').removeClass('gform_validation_error');}setTimeout( function() { \/* delay the scroll by 50 milliseconds to fix a bug in chrome *\/  }, 50 );if(window['gformInitDatepicker']) {gformInitDatepicker();}if(window['gformInitPriceFields']) {gformInitPriceFields();}var current_page = jQuery('#gform_source_page_number_3').val();gformInitSpinner( 3, 'https:\/\/edwardjones.cert.xcc.smashfly.io\/wp-content\/plugins\/gravityforms\/images\/spinner.svg', true );jQuery(document).trigger('gform_page_loaded', [3, current_page]);window['gf_submitting_3'] = false;}else if(!is_redirect){var confirmation_content = jQuery(this).contents().find('.GF_AJAX_POSTBACK').html();if(!confirmation_content){confirmation_content = contents;}jQuery('#gform_wrapper_3').replaceWith(confirmation_content);jQuery(document).trigger('gform_confirmation_loaded', [3]);window['gf_submitting_3'] = false;wp.a11y.speak(jQuery('#gform_confirmation_message_3').text());}else{jQuery('#gform_3').append(contents);if(window['gformRedirect']) {gformRedirect();}}jQuery(document).trigger(\"gform_pre_post_render\", [{ formId: \"3\", currentPage: \"current_page\", abort: function() { this.preventDefault(); } }]);                if (event && event.defaultPrevented) {                return;         }        const gformWrapperDiv = document.getElementById( \"gform_wrapper_3\" );        if ( gformWrapperDiv ) {            const visibilitySpan = document.createElement( \"span\" );            visibilitySpan.id = \"gform_visibility_test_3\";            gformWrapperDiv.insertAdjacentElement( \"afterend\", visibilitySpan );        }        const visibilityTestDiv = document.getElementById( \"gform_visibility_test_3\" );        let postRenderFired = false;                function triggerPostRender() {            if ( postRenderFired ) {                return;            }            postRenderFired = true;            jQuery( document ).trigger( 'gform_post_render', [3, current_page] );            gform.utils.trigger( { event: 'gform\/postRender', native: false, data: { formId: 3, currentPage: current_page } } );            gform.utils.trigger( { event: 'gform\/post_render', native: false, data: { formId: 3, currentPage: current_page } } );            if ( visibilityTestDiv ) {                visibilityTestDiv.parentNode.removeChild( visibilityTestDiv );            }        }        function debounce( func, wait, immediate ) {            var timeout;            return function() {                var context = this, args = arguments;                var later = function() {                    timeout = null;                    if ( !immediate ) func.apply( context, args );                };                var callNow = immediate && !timeout;                clearTimeout( timeout );                timeout = setTimeout( later, wait );                if ( callNow ) func.apply( context, args );            };        }        const debouncedTriggerPostRender = debounce( function() {            triggerPostRender();        }, 200 );        if ( visibilityTestDiv && visibilityTestDiv.offsetParent === null ) {            const observer = new MutationObserver( ( mutations ) => {                mutations.forEach( ( mutation ) => {                    if ( mutation.type === 'attributes' && visibilityTestDiv.offsetParent !== null ) {                        debouncedTriggerPostRender();                        observer.disconnect();                    }                });            });            observer.observe( document.body, {                attributes: true,                childList: false,                subtree: true,                attributeFilter: [ 'style', 'class' ],            });        } else {            triggerPostRender();        }    } );} ); \n\/* ]]> *\/\n<\/script>\n\n<\/div><\/section>\n<section class=\"avia_codeblock_section avia_code_block_0\"  itemscope=\"itemscope\" itemtype=\"https:\/\/schema.org\/CreativeWork\" ><div class='avia_codeblock '  itemprop=\"text\" ><script > [avia_codeblock_placeholder uid=\"0\"] <\/script><\/div><\/section>\n\n","protected":false},"excerpt":{"rendered":"","protected":false},"author":423,"featured_media":0,"parent":0,"menu_order":0,"comment_status":"closed","ping_status":"closed","template":"","meta":{"pgc_meta":"","footnotes":""},"persona":[],"class_list":["post-20059","page","type-page","status-publish","hentry"],"yoast_head":"<!-- This site is optimized with the Yoast SEO Premium plugin v22.8 (Yoast SEO v22.8) - https:\/\/yoast.com\/wordpress\/plugins\/seo\/ -->\n<title>Communiquez avec nous au sujet des carri\u00e8res chez Edward Jones<\/title>\n<meta name=\"description\" content=\"Si vous \u00eates pr\u00eat \u00e0 commencer, nous sommes pr\u00eats \u00e0 vous montrer la voie \u00e0 suivre. Il suffit de remplir et de soumettre ce formulaire. Nous communiquerons ensuite avec vous au sujet des prochaines \u00e9tapes \u00e0 suivre chez Edward Jones.\" \/>\n<meta name=\"robots\" content=\"noindex, nofollow, max-snippet:-1, max-image-preview:large, max-video-preview:-1\" \/>\n<meta property=\"og:locale\" content=\"fr_CA\" \/>\n<meta property=\"og:type\" content=\"article\" \/>\n<meta property=\"og:title\" content=\"Nous joindre\" \/>\n<meta property=\"og:description\" content=\"Si vous \u00eates pr\u00eat \u00e0 commencer, nous sommes pr\u00eats \u00e0 vous montrer la voie \u00e0 suivre. Il suffit de remplir et de soumettre ce formulaire. Nous communiquerons ensuite avec vous au sujet des prochaines \u00e9tapes \u00e0 suivre chez Edward Jones.\" \/>\n<meta property=\"og:url\" content=\"https:\/\/edwardjones.cert.xcc.smashfly.io\/fr-CA\/nous-joindre\/\" \/>\n<meta property=\"og:site_name\" content=\"Edward Jones\" \/>\n<meta property=\"article:modified_time\" content=\"2024-04-08T05:21:11+00:00\" \/>\n<meta property=\"og:image\" content=\"https:\/\/edwardjones.cert.xcc.smashfly.io\/wp-content\/uploads\/sites\/1392\/2020\/10\/EdwardJonesCareers-logo-200x200px.jpg\" \/>\n\t<meta property=\"og:image:width\" content=\"200\" \/>\n\t<meta property=\"og:image:height\" content=\"200\" \/>\n\t<meta property=\"og:image:type\" content=\"image\/jpeg\" \/>\n<meta name=\"twitter:label1\" content=\"Estimation du temps de lecture\" \/>\n\t<meta name=\"twitter:data1\" content=\"1 minute\" \/>\n<script type=\"application\/ld+json\" class=\"yoast-schema-graph\">{\"@context\":\"https:\/\/schema.org\",\"@graph\":[{\"@type\":\"WebPage\",\"@id\":\"https:\/\/edwardjones.cert.xcc.smashfly.io\/fr-CA\/nous-joindre\/\",\"url\":\"https:\/\/edwardjones.cert.xcc.smashfly.io\/fr-CA\/nous-joindre\/\",\"name\":\"Communiquez avec nous au sujet des carri\u00e8res chez Edward Jones\",\"isPartOf\":{\"@id\":\"https:\/\/edwardjones.cert.xcc.smashfly.io\/#website\"},\"datePublished\":\"2021-01-11T13:37:09+00:00\",\"dateModified\":\"2024-04-08T05:21:11+00:00\",\"description\":\"Si vous \u00eates pr\u00eat \u00e0 commencer, nous sommes pr\u00eats \u00e0 vous montrer la voie \u00e0 suivre. Il suffit de remplir et de soumettre ce formulaire. Nous communiquerons ensuite avec vous au sujet des prochaines \u00e9tapes \u00e0 suivre chez Edward Jones.\",\"breadcrumb\":{\"@id\":\"https:\/\/edwardjones.cert.xcc.smashfly.io\/fr-CA\/nous-joindre\/#breadcrumb\"},\"inLanguage\":\"fr-CA\",\"potentialAction\":[{\"@type\":\"ReadAction\",\"target\":[\"https:\/\/edwardjones.cert.xcc.smashfly.io\/fr-CA\/nous-joindre\/\"]}]},{\"@type\":\"BreadcrumbList\",\"@id\":\"https:\/\/edwardjones.cert.xcc.smashfly.io\/fr-CA\/nous-joindre\/#breadcrumb\",\"itemListElement\":[{\"@type\":\"ListItem\",\"position\":1,\"name\":\"Home\",\"item\":\"https:\/\/edwardjones.cert.xcc.smashfly.io\/fr-CA\/\"},{\"@type\":\"ListItem\",\"position\":2,\"name\":\"Nous joindre\"}]},{\"@type\":\"WebSite\",\"@id\":\"https:\/\/edwardjones.cert.xcc.smashfly.io\/#website\",\"url\":\"https:\/\/edwardjones.cert.xcc.smashfly.io\/\",\"name\":\"Edward Jones\",\"description\":\"ibee Demo Site\",\"potentialAction\":[{\"@type\":\"SearchAction\",\"target\":{\"@type\":\"EntryPoint\",\"urlTemplate\":\"https:\/\/edwardjones.cert.xcc.smashfly.io\/?s={search_term_string}\"},\"query-input\":\"required name=search_term_string\"}],\"inLanguage\":\"fr-CA\"}]}<\/script>\n<!-- \/ Yoast SEO Premium plugin. -->","yoast_head_json":{"title":"Communiquez avec nous au sujet des carri\u00e8res chez Edward Jones","description":"Si vous \u00eates pr\u00eat \u00e0 commencer, nous sommes pr\u00eats \u00e0 vous montrer la voie \u00e0 suivre. Il suffit de remplir et de soumettre ce formulaire. Nous communiquerons ensuite avec vous au sujet des prochaines \u00e9tapes \u00e0 suivre chez Edward Jones.","robots":{"index":"noindex","follow":"nofollow","max-snippet":"max-snippet:-1","max-image-preview":"max-image-preview:large","max-video-preview":"max-video-preview:-1"},"og_locale":"fr_CA","og_type":"article","og_title":"Nous joindre","og_description":"Si vous \u00eates pr\u00eat \u00e0 commencer, nous sommes pr\u00eats \u00e0 vous montrer la voie \u00e0 suivre. Il suffit de remplir et de soumettre ce formulaire. Nous communiquerons ensuite avec vous au sujet des prochaines \u00e9tapes \u00e0 suivre chez Edward Jones.","og_url":"https:\/\/edwardjones.cert.xcc.smashfly.io\/fr-CA\/nous-joindre\/","og_site_name":"Edward Jones","article_modified_time":"2024-04-08T05:21:11+00:00","og_image":[{"width":200,"height":200,"url":"https:\/\/edwardjones.cert.xcc.smashfly.io\/wp-content\/uploads\/sites\/1392\/2020\/10\/EdwardJonesCareers-logo-200x200px.jpg","type":"image\/jpeg"}],"twitter_misc":{"Estimation du temps de lecture":"1 minute"},"schema":{"@context":"https:\/\/schema.org","@graph":[{"@type":"WebPage","@id":"https:\/\/edwardjones.cert.xcc.smashfly.io\/fr-CA\/nous-joindre\/","url":"https:\/\/edwardjones.cert.xcc.smashfly.io\/fr-CA\/nous-joindre\/","name":"Communiquez avec nous au sujet des carri\u00e8res chez Edward Jones","isPartOf":{"@id":"https:\/\/edwardjones.cert.xcc.smashfly.io\/#website"},"datePublished":"2021-01-11T13:37:09+00:00","dateModified":"2024-04-08T05:21:11+00:00","description":"Si vous \u00eates pr\u00eat \u00e0 commencer, nous sommes pr\u00eats \u00e0 vous montrer la voie \u00e0 suivre. Il suffit de remplir et de soumettre ce formulaire. Nous communiquerons ensuite avec vous au sujet des prochaines \u00e9tapes \u00e0 suivre chez Edward Jones.","breadcrumb":{"@id":"https:\/\/edwardjones.cert.xcc.smashfly.io\/fr-CA\/nous-joindre\/#breadcrumb"},"inLanguage":"fr-CA","potentialAction":[{"@type":"ReadAction","target":["https:\/\/edwardjones.cert.xcc.smashfly.io\/fr-CA\/nous-joindre\/"]}]},{"@type":"BreadcrumbList","@id":"https:\/\/edwardjones.cert.xcc.smashfly.io\/fr-CA\/nous-joindre\/#breadcrumb","itemListElement":[{"@type":"ListItem","position":1,"name":"Home","item":"https:\/\/edwardjones.cert.xcc.smashfly.io\/fr-CA\/"},{"@type":"ListItem","position":2,"name":"Nous joindre"}]},{"@type":"WebSite","@id":"https:\/\/edwardjones.cert.xcc.smashfly.io\/#website","url":"https:\/\/edwardjones.cert.xcc.smashfly.io\/","name":"Edward Jones","description":"ibee Demo Site","potentialAction":[{"@type":"SearchAction","target":{"@type":"EntryPoint","urlTemplate":"https:\/\/edwardjones.cert.xcc.smashfly.io\/?s={search_term_string}"},"query-input":"required name=search_term_string"}],"inLanguage":"fr-CA"}]}},"pgc_meta":"","_links":{"self":[{"href":"https:\/\/edwardjones.cert.xcc.smashfly.io\/fr-CA\/wp-json\/wp\/v2\/pages\/20059","targetHints":{"allow":["GET"]}}],"collection":[{"href":"https:\/\/edwardjones.cert.xcc.smashfly.io\/fr-CA\/wp-json\/wp\/v2\/pages"}],"about":[{"href":"https:\/\/edwardjones.cert.xcc.smashfly.io\/fr-CA\/wp-json\/wp\/v2\/types\/page"}],"author":[{"embeddable":true,"href":"https:\/\/edwardjones.cert.xcc.smashfly.io\/fr-CA\/wp-json\/wp\/v2\/users\/423"}],"replies":[{"embeddable":true,"href":"https:\/\/edwardjones.cert.xcc.smashfly.io\/fr-CA\/wp-json\/wp\/v2\/comments?post=20059"}],"version-history":[{"count":2,"href":"https:\/\/edwardjones.cert.xcc.smashfly.io\/fr-CA\/wp-json\/wp\/v2\/pages\/20059\/revisions"}],"predecessor-version":[{"id":30976,"href":"https:\/\/edwardjones.cert.xcc.smashfly.io\/fr-CA\/wp-json\/wp\/v2\/pages\/20059\/revisions\/30976"}],"wp:attachment":[{"href":"https:\/\/edwardjones.cert.xcc.smashfly.io\/fr-CA\/wp-json\/wp\/v2\/media?parent=20059"}],"wp:term":[{"taxonomy":"persona","embeddable":true,"href":"https:\/\/edwardjones.cert.xcc.smashfly.io\/fr-CA\/wp-json\/wp\/v2\/persona?post=20059"}],"curies":[{"name":"wp","href":"https:\/\/api.w.org\/{rel}","templated":true}]}}